{"id":1004,"date":"2019-09-11T11:55:35","date_gmt":"2019-09-11T08:55:35","guid":{"rendered":"https:\/\/gencyapimarket.com\/?page_id=1004"},"modified":"2026-03-28T13:28:18","modified_gmt":"2026-03-28T10:28:18","slug":"grup-sirketlerimiz","status":"publish","type":"page","link":"https:\/\/gencyapimarket.com\/en\/grup-sirketlerimiz\/","title":{"rendered":"Group companies"},"content":{"rendered":"<p><section class=\"kc-elm kc-css-245597 kc_row\"><div class=\"kc-row-container  kc-container\"><div class=\"kc-wrap-columns\"><div class=\"kc-elm kc-css-584840 kc_col-sm-12 kc_column kc_col-sm-12\"><div class=\"kc-col-container\">\n<div class=\"kc-elm kc-css-888069 kc-title-wrap\">\n\n\t<h1 class=\"kc_title\">Ilkay M. Genc Ltd.<\/h1>\n<\/div>\n<div class=\"kc-elm kc-css-387675 kc_shortcode kc_single_image\">\n\n        <img decoding=\"async\" src=\"https:\/\/gencyapimarket.com\/wp-content\/uploads\/logo_orta-01-300x300.png\" class=\"\" alt=\"\" \/>    <\/div>\n<div class=\"kc-elm kc-css-426696 kc_text_block\"><\/p>\n<p style=\"text-align: justify;\">1959 y\u0131l\u0131nda Gazima\u011fusa\u2019da k\u00fc\u00e7\u00fck bir h\u0131rdavat d\u00fckkan\u0131 olarak kuruldu. \u0130lk ithalat\u0131n\u0131 1960 y\u0131l\u0131nda ger\u00e7ekle\u015ftirdi. 1973 y\u0131l\u0131nda \u015firketle\u015ferek \u0130lkay M. Gen\u00e7 Ltd. ad\u0131 alt\u0131nda faaliyetlerini s\u00fcrd\u00fcrd\u00fc. G\u00fcn\u00fcm\u00fczde Gazima\u011fusa\u2019da 1, Lefko\u015fa\u2019da 1, Girne\u2019de 1 olmak \u00fczere 3 Yap\u0131 Market ve 2 depo ile KKTC halk\u0131na hizmet vermektedir. \u0130lkay M. Gen\u00e7 Ltd. \u015firketi b\u00fcnyesinde; in\u015faat malzemesi, h\u0131rdavat, el aletleri, boya, seramik, banyo, s\u0131hhi tesisat ve ev dekorasyon malzemelerinden olu\u015fan 30.000&#039;den fazla \u00e7e\u015fit \u00fcr\u00fcn bulunmaktad\u0131r. Perakende sat\u0131\u015f\u0131n\u0131n yan\u0131 s\u0131ra , Kuzey K\u0131br\u0131s T\u00fcrk Cumhuriyeti pazar\u0131na toptan da\u011f\u0131t\u0131m yapan servisleri vard\u0131r. \u0130thalat yap\u0131lan \u00fclke say\u0131s\u0131 15 ve i\u015fbirli\u011fi yap\u0131lan firma say\u0131s\u0131 150\u2019yi a\u015fmaktad\u0131r.<\/p>\n<p>\n<\/div><div class=\"kc-elm kc-css-824643\" style=\"height: 20px; clear: both; width:100%;\"><\/div><div class=\"kc-elm kc-css-258380 kc-multi-icons-wrapper\">\n\t\t\t<a href=\"http:\/\/www.facebook.com\/GENCDIY\" target=\"_blank\" title=\"\" class=\"multi-icons-link multi-iconsfab-facebook-f\">\n\t\t\t<i class=\"fab-facebook-f\"><\/i>\n\t\t<\/a>\n\n\t\t\t<a href=\"https:\/\/www.instagram.com\/genc_yapi_market\/\" target=\"_blank\" title=\"\" class=\"multi-icons-link multi-iconsfab-instagram\">\n\t\t\t<i class=\"fab-instagram\"><\/i>\n\t\t<\/a>\n\n\t\t\t<a href=\"https:\/\/twitter.com\/gencyapi_market\" target=\"_blank\" title=\"\" class=\"multi-icons-link multi-iconsfab-twitter\">\n\t\t\t<i class=\"fab-twitter\"><\/i>\n\t\t<\/a>\n\n\t\t\t<a href=\"mailto:bilgi@img-ltd.com\" target=\"_blank\" title=\"\" class=\"multi-icons-link multi-iconssl-envolope-letter\">\n\t\t\t<i class=\"sl-envolope-letter\"><\/i>\n\t\t<\/a>\n\n\t\t\t<a href=\"https:\/\/www.img-ltd.com\/\" target=\"_blank\" title=\"\" class=\"multi-icons-link multi-iconssl-globe\">\n\t\t\t<i class=\"sl-globe\"><\/i>\n\t\t<\/a>\n\n\t<\/div>\n\n<div class=\"kc-elm kc-css-2670 divider_line\">\n\t<div class=\"divider_inner divider_line2\">\n\t\t<i class=\"et-tools\"><\/i>\t<\/div>\n<\/div>\n<\/div><\/div><\/div><\/div><\/section><section class=\"kc-elm kc-css-46592 kc_row\"><div class=\"kc-row-container  kc-container\"><div class=\"kc-wrap-columns\"><div class=\"kc-elm kc-css-877108 kc_col-sm-12 kc_column kc_col-sm-12\"><div class=\"kc-col-container\">\n<div class=\"kc-elm kc-css-177411 kc-title-wrap\">\n\n\t<h1 class=\"kc_title\">Gen\u00e7 Construction<\/h1>\n<\/div>\n<div class=\"kc-elm kc-css-267902 kc_shortcode kc_single_image\">\n\n        <img decoding=\"async\" src=\"https:\/\/gencyapimarket.com\/wp-content\/uploads\/2019\/09\/igclogo.png\" class=\"\" alt=\"\" \/>    <\/div>\n<div class=\"kc-elm kc-css-660164 kc_text_block\"><\/p>\n<p style=\"text-align: justify;\">\u0130lkay M. Gen\u00e7. Ltd. b\u00fcnyesinde kurulan Gen\u00e7 Construction KKTC s\u0131n\u0131rlar\u0131 i\u00e7erisinde in\u015faat ve emlak sekt\u00f6r\u00fcnde faaliyet g\u00f6stermektedir. \u015eirketimiz 2002 y\u0131l\u0131nda yeni yat\u0131r\u0131m ve istihdam alan\u0131 a\u00e7arak \u0130lkay Gen\u00e7 Construction Ltd. ad\u0131 alt\u0131nda in\u015faat sekt\u00f6r\u00fcnde de hizmet vermeye ba\u015flad\u0131.<\/p>\n<p>\n<\/div><div class=\"kc-elm kc-css-784042\" style=\"height: 20px; clear: both; width:100%;\"><\/div><div class=\"kc-elm kc-css-184868 kc-multi-icons-wrapper\">\n\t\t\t<a href=\"http:\/\/www.facebook.com\/GENCDIY\" target=\"_blank\" title=\"\" class=\"multi-icons-link multi-iconsfab-facebook-f\">\n\t\t\t<i class=\"fab-facebook-f\"><\/i>\n\t\t<\/a>\n\n\t\t\t<a href=\"https:\/\/www.instagram.com\/genc_yapi_market\/\" target=\"_blank\" title=\"\" class=\"multi-icons-link multi-iconsfab-instagram\">\n\t\t\t<i class=\"fab-instagram\"><\/i>\n\t\t<\/a>\n\n\t\t\t<a href=\"https:\/\/twitter.com\/gencyapi_market\" target=\"_blank\" title=\"\" class=\"multi-icons-link multi-iconsfab-twitter\">\n\t\t\t<i class=\"fab-twitter\"><\/i>\n\t\t<\/a>\n\n\t\t\t<a href=\"mailto:bilgi@img-ltd.com\" target=\"_blank\" title=\"\" class=\"multi-icons-link multi-iconssl-envolope-letter\">\n\t\t\t<i class=\"sl-envolope-letter\"><\/i>\n\t\t<\/a>\n\n\t\t\t<a href=\"https:\/\/www.img-ltd.com\/\" target=\"_blank\" title=\"\" class=\"multi-icons-link multi-iconssl-globe\">\n\t\t\t<i class=\"sl-globe\"><\/i>\n\t\t<\/a>\n\n\t<\/div>\n\n<div class=\"kc-elm kc-css-192887 divider_line\">\n\t<div class=\"divider_inner divider_line2\">\n\t\t<i class=\"et-tools\"><\/i>\t<\/div>\n<\/div>\n<\/div><\/div><\/div><\/div><\/section><section class=\"kc-elm kc-css-714333 kc_row\"><div class=\"kc-row-container  kc-container\"><div class=\"kc-wrap-columns\"><div class=\"kc-elm kc-css-756594 kc_col-sm-12 kc_column kc_col-sm-12\"><div class=\"kc-col-container\">\n<div class=\"kc-elm kc-css-574651 kc-title-wrap\">\n\n\t<h1 class=\"kc_title\">Gench International Yap\u0131 Malzemeleri Tic. Ltd.<\/h1>\n<\/div>\n<div class=\"kc-elm kc-css-995845 kc_shortcode kc_single_image\">\n\n        <img decoding=\"async\" src=\"https:\/\/gencyapimarket.com\/wp-content\/uploads\/2019\/09\/gench.png\" class=\"\" alt=\"\" \/>    <\/div>\n<div class=\"kc-elm kc-css-517109\" style=\"height: 10px; clear: both; width:100%;\"><\/div><div class=\"kc-elm kc-css-561168 kc_text_block\"><\/p>\n<p style=\"text-align: justify;\">\u0130lkay M. Genc Ltd. \u015firketinin i\u015ftira\u011f\u0131 olarak 2010 y\u0131l\u0131nda \u0130stanbul\u2019da kurulmu\u015ftur. Yap\u0131 malzemeleri, teknik ve h\u0131rdavat sekt\u00f6r\u00fcnde d\u00fcnyan\u0131n bir\u00e7ok \u00fclkesinden ithal edilen \u00fcr\u00fcnleri T\u00fcrkiye piyasas\u0131na sunmak ayr\u0131ca bu konuda T\u00fcrkiye\u2019de \u00fcretilen bir\u00e7ok yap\u0131 malzemelerini de d\u00fcnya \u00fclkelerine ihracat yapmak amac\u0131 ile faaliyete ge\u00e7irilmi\u015ftir. Gench International Yap\u0131 Malzemeleri Tic. Ltd. sundu\u011fu ergonomik, pratik ve g\u00fcvenli \u00e7\u00f6z\u00fcmlerle T\u00fcrkiye\u2019de kalite anlay\u0131\u015f\u0131yla hizmet vermektedir. Her zaman farkl\u0131 \u00e7\u00f6z\u00fcmlerle inovatif kaynaklar\u0131 birle\u015ftiren Gench grubu, siz de\u011ferli m\u00fc\u015fterilerimize hizmet vermekten mutluluk duyar\u0131z. M\u00fc\u015fterilerimizin en iyisini hak etti\u011fine inan\u0131r\u0131z ve bu y\u00fczden h\u0131zl\u0131 \u00e7\u00f6z\u00fcm \u00fcretir, \u015feffaf ve tutarl\u0131 yakla\u015f\u0131m sergileriz. En \u00f6nemlisi yarat\u0131c\u0131l\u0131\u011f\u0131 ve inovatif d\u00fc\u015f\u00fcnceyi her alanda destekleriz.<\/p>\n<p>\n<\/div><div class=\"kc-elm kc-css-711516\" style=\"height: 20px; clear: both; width:100%;\"><\/div><div class=\"kc-elm kc-css-413529 kc-multi-icons-wrapper\">\n\t\t\t<a href=\"https:\/\/www.facebook.com\/Gench-International-Yap\u0131-Malzemeleri-322088921777920\" target=\"_blank\" title=\"\" class=\"multi-icons-link multi-iconsfab-facebook-f\">\n\t\t\t<i class=\"fab-facebook-f\"><\/i>\n\t\t<\/a>\n\n\t\t\t<a href=\"https:\/\/www.instagram.com\/genc_yapi_market\/\" target=\"_blank\" title=\"\" class=\"multi-icons-link multi-iconsfab-instagram\">\n\t\t\t<i class=\"fab-instagram\"><\/i>\n\t\t<\/a>\n\n\t\t\t<a href=\"https:\/\/twitter.com\/gencyapi_market\" target=\"_blank\" title=\"\" class=\"multi-icons-link multi-iconsfab-twitter\">\n\t\t\t<i class=\"fab-twitter\"><\/i>\n\t\t<\/a>\n\n\t\t\t<a href=\"http:\/\/info@gench.com.tr\" target=\"_blank\" title=\"\" class=\"multi-icons-link multi-iconssl-envolope-letter\">\n\t\t\t<i class=\"sl-envolope-letter\"><\/i>\n\t\t<\/a>\n\n\t\t\t<a href=\"https:\/\/www.gench.com.tr\/\" target=\"_blank\" title=\"\" class=\"multi-icons-link multi-iconssl-globe\">\n\t\t\t<i class=\"sl-globe\"><\/i>\n\t\t<\/a>\n\n\t<\/div>\n\n<div class=\"kc-elm kc-css-820339 divider_line\">\n\t<div class=\"divider_inner divider_line2\">\n\t\t<i class=\"et-tools\"><\/i>\t<\/div>\n<\/div>\n<\/div><\/div><\/div><\/div><\/section><section class=\"kc-elm kc-css-775064 kc_row\"><div class=\"kc-row-container  kc-container\"><div class=\"kc-wrap-columns\"><div class=\"kc-elm kc-css-214994 kc_col-sm-12 kc_column kc_col-sm-12\"><div class=\"kc-col-container\">\n<div class=\"kc-elm kc-css-176891 kc-title-wrap\">\n\n\t<h1 class=\"kc_title\">City Dorm \u00d6\u011frenci Yurdu<\/h1>\n<\/div>\n<div class=\"kc-elm kc-css-372914 kc_shortcode kc_single_image\">\n\n        <img decoding=\"async\" src=\"https:\/\/gencyapimarket.com\/wp-content\/uploads\/2019\/10\/citydorm.png\" class=\"\" alt=\"\" \/>    <\/div>\n<div class=\"kc-elm kc-css-517825\" style=\"height: 10px; clear: both; width:100%;\"><\/div><div class=\"kc-elm kc-css-406482 kc_text_block\"><\/p>\n<div class=\"fusion-text\">\n<p>CityDorm \u00f6\u011frenci yurdu Lefko\u015fa\u2019n\u0131n merkezinde 2016 y\u0131l\u0131nda hizmete girmi\u015ftir. 27 adet 1+1 \u00e7ift ki\u015filik ve 24 adet tek ki\u015filik st\u00fcdyo daireden olu\u015fan CityDorm \u00fcniversitelere, al\u0131\u015fveri\u015f noktalar\u0131na ve devlet kurumlar\u0131na kolay ula\u015f\u0131m sa\u011flanabilir konumu ile dikkat \u00e7ekmektedir. Odalar \u00f6\u011frencilerin t\u00fcn ihtiya\u00e7lar\u0131 g\u00f6z \u00f6n\u00fcnde bulundurularak \u00f6zenle haz\u0131rlanm\u0131\u015ft\u0131r. CityDorm Kuzey K\u0131br\u0131s\u2019\u0131n k\u00f6kl\u00fc \u015firketlerinden ilkay M Gen\u00e7 ltd taraf\u0131ndan kurulmu\u015ftur.<\/p>\n<\/div>\n<p>\n<\/div><div class=\"kc-elm kc-css-705274\" style=\"height: 20px; clear: both; width:100%;\"><\/div><div class=\"kc-elm kc-css-447260 kc-multi-icons-wrapper\">\n\t\t\t<a href=\"https:\/\/www.facebook.com\/Gench-International-Yap\u0131-Malzemeleri-322088921777920\" target=\"_blank\" title=\"\" class=\"multi-icons-link multi-iconsfab-facebook-f\">\n\t\t\t<i class=\"fab-facebook-f\"><\/i>\n\t\t<\/a>\n\n\t\t\t<a href=\"https:\/\/www.instagram.com\/genc_yapi_market\/\" target=\"_blank\" title=\"\" class=\"multi-icons-link multi-iconsfab-instagram\">\n\t\t\t<i class=\"fab-instagram\"><\/i>\n\t\t<\/a>\n\n\t\t\t<a href=\"https:\/\/twitter.com\/gencyapi_market\" target=\"_blank\" title=\"\" class=\"multi-icons-link multi-iconsfab-twitter\">\n\t\t\t<i class=\"fab-twitter\"><\/i>\n\t\t<\/a>\n\n\t\t\t<a href=\"http:\/\/info@gench.com.tr\" target=\"_blank\" title=\"\" class=\"multi-icons-link multi-iconssl-envolope-letter\">\n\t\t\t<i class=\"sl-envolope-letter\"><\/i>\n\t\t<\/a>\n\n\t\t\t<a href=\"https:\/\/www.gench.com.tr\/\" target=\"_blank\" title=\"\" class=\"multi-icons-link multi-iconssl-globe\">\n\t\t\t<i class=\"sl-globe\"><\/i>\n\t\t<\/a>\n\n\t<\/div>\n\n<div class=\"kc-elm kc-css-256073 divider_line\">\n\t<div class=\"divider_inner divider_line2\">\n\t\t<i class=\"et-tools\"><\/i>\t<\/div>\n<\/div>\n<\/div><\/div><\/div><\/div><\/section><section class=\"kc-elm kc-css-538042 kc_row\"><div class=\"kc-row-container  kc-container\"><div class=\"kc-wrap-columns\"><div class=\"kc-elm kc-css-159658 kc_col-sm-12 kc_column kc_col-sm-12\"><div class=\"kc-col-container\">\n<div class=\"kc-elm kc-css-605489 kc-title-wrap\">\n\n\t<h1 class=\"kc_title\">G Suites Luxury Rentals<\/h1>\n<\/div>\n<div class=\"kc-elm kc-css-741891 kc_shortcode kc_single_image\">\n\n        <img decoding=\"async\" src=\"https:\/\/gencyapimarket.com\/wp-content\/uploads\/2019\/09\/gsuites-e1545164825924.png\" class=\"\" alt=\"\" \/>    <\/div>\n<div class=\"kc-elm kc-css-819359\" style=\"height: 10px; clear: both; width:100%;\"><\/div><div class=\"kc-elm kc-css-609592 kc_text_block\"><\/p>\n<p style=\"text-align: justify;\">G Suites Luxury Rentals, \u0130lkay M. Genc Ltd. \u015firketinin i\u015ftira\u011f\u0131 olarak 2018 y\u0131l\u0131nda Kuzey K\u0131br\u0131s T\u00fcrk Cumhuriyeti\u2019nin Lefko\u015fa \u015fehrinde 24 adet l\u00fcks kiral\u0131k odas\u0131yla hizmete a\u00e7\u0131lm\u0131\u015ft\u0131r.<\/p>\n<p>\n<\/div><div class=\"kc-elm kc-css-482647\" style=\"height: 20px; clear: both; width:100%;\"><\/div><div class=\"kc-elm kc-css-597031 kc-multi-icons-wrapper\">\n\t\t\t<a href=\"https:\/\/www.facebook.com\/gsuitesluxuryrentals\/\" target=\"_blank\" title=\"\" class=\"multi-icons-link multi-iconsfab-facebook-f\">\n\t\t\t<i class=\"fab-facebook-f\"><\/i>\n\t\t<\/a>\n\n\t\t\t<a href=\"https:\/\/www.instagram.com\/gsuitescyprus\/\" target=\"_blank\" title=\"\" class=\"multi-icons-link multi-iconsfab-instagram\">\n\t\t\t<i class=\"fab-instagram\"><\/i>\n\t\t<\/a>\n\n\t\t\t<a href=\"https:\/\/twitter.com\/SuitesRentals\" target=\"_blank\" title=\"\" class=\"multi-icons-link multi-iconsfab-twitter\">\n\t\t\t<i class=\"fab-twitter\"><\/i>\n\t\t<\/a>\n\n\t\t\t<a href=\"mailto:info@gsuitescyprus.com\" target=\"_blank\" title=\"\" class=\"multi-icons-link multi-iconssl-envolope-letter\">\n\t\t\t<i class=\"sl-envolope-letter\"><\/i>\n\t\t<\/a>\n\n\t\t\t<a href=\"https:\/\/www.gsuitescyprus.com\" target=\"_blank\" title=\"\" class=\"multi-icons-link multi-iconssl-globe\">\n\t\t\t<i class=\"sl-globe\"><\/i>\n\t\t<\/a>\n\n\t<\/div>\n\n<div class=\"kc-elm kc-css-718961 divider_line\">\n\t<div class=\"divider_inner divider_line2\">\n\t\t<i class=\"et-tools\"><\/i>\t<\/div>\n<\/div>\n<\/div><\/div><\/div><\/div><\/section><\/p>","protected":false},"excerpt":{"rendered":"","protected":false},"author":1,"featured_media":0,"parent":0,"menu_order":0,"comment_status":"closed","ping_status":"closed","template":"","meta":{"footnotes":""},"_links":{"self":[{"href":"https:\/\/gencyapimarket.com\/en\/wp-json\/wp\/v2\/pages\/1004"}],"collection":[{"href":"https:\/\/gencyapimarket.com\/en\/wp-json\/wp\/v2\/pages"}],"about":[{"href":"https:\/\/gencyapimarket.com\/en\/wp-json\/wp\/v2\/types\/page"}],"author":[{"embeddable":true,"href":"https:\/\/gencyapimarket.com\/en\/wp-json\/wp\/v2\/users\/1"}],"replies":[{"embeddable":true,"href":"https:\/\/gencyapimarket.com\/en\/wp-json\/wp\/v2\/comments?post=1004"}],"version-history":[{"count":65,"href":"https:\/\/gencyapimarket.com\/en\/wp-json\/wp\/v2\/pages\/1004\/revisions"}],"predecessor-version":[{"id":8586,"href":"https:\/\/gencyapimarket.com\/en\/wp-json\/wp\/v2\/pages\/1004\/revisions\/8586"}],"wp:attachment":[{"href":"https:\/\/gencyapimarket.com\/en\/wp-json\/wp\/v2\/media?parent=1004"}],"curies":[{"name":"wp","href":"https:\/\/api.w.org\/{rel}","templated":true}]}}