{"id":1096,"date":"2019-09-11T21:35:11","date_gmt":"2019-09-11T18:35:11","guid":{"rendered":"https:\/\/gencyapimarket.com\/?page_id=1096"},"modified":"2019-09-11T22:16:57","modified_gmt":"2019-09-11T19:16:57","slug":"ik-uygulamalari-2","status":"publish","type":"page","link":"https:\/\/gencyapimarket.com\/en\/ik-uygulamalari-2\/","title":{"rendered":"ik applications"},"content":{"rendered":"<p><section class=\"kc-elm kc-css-821854 kc_row\"><div class=\"kc-row-container  kc-container\"><div class=\"kc-wrap-columns\"><div class=\"kc-elm kc-css-447683 kc_col-sm-12 kc_column kc_col-sm-12\"><div class=\"kc-col-container\">\n<div class=\"kc-elm kc-css-184247 kc-flipbox kc-flip-container\" ontouchstart=\"this.classList.toggle('hover');\">\n\t<div class=\"flipper\">\n\t\t<div class=\"front\">\n\t\t\t<div class=\"front-content\">\n\t\t\t\t<div class=\"wrap-icon\"><i class=\"sl-people\"><\/i><\/div><h3>Ilkay M. Genc Ltd.<\/h3><p>As Human Resources, we observe the balance between employee satisfaction and corporate benefit in all our activities. We are a big family that believes in open communication, runs together towards the same goal, and believes that success comes from being fast, result-oriented and flexible. We believe that our customers deserve the best, we produce fast solutions, we exhibit a transparent and consistent approach and most importantly, we support creativity and innovative thinking in every field. We support equal opportunities in business life and see the increasing number of senior female managers as one of the important indicators of the progress we have achieved.<\/p>\t\t\t<\/div>\n\t\t<\/div>\n\t\t<div class=\"back\">\n\t\t\t<div class=\"des\">\n\t\t\t\t<div class=\"wrap-icon\"><i class=\"sl-people\"><\/i><\/div><h3>Career<\/h3><p>To be a part of our team, please click the button below.<\/p><a class=\"button\" href=\"https:\/\/ik.img-ltd.com\" target=\"_blank\" title=\"Open Positions\">Open Positions<\/a>\t\t\t<\/div>\n\t\t<\/div>\n\t<\/div>\n<\/div>\n<\/div><\/div><\/div><\/div><\/section><section class=\"kc-elm kc-css-989643 kc_row\"><div class=\"kc-row-container\"><div class=\"kc-wrap-columns\"><div class=\"kc-elm kc-css-135850 kc_col-sm-12 kc_column kc_col-sm-12\"><div class=\"kc-col-container\">   \r\n\r\n<div class=\"three-column\" style=\"background-image: url(https:\/\/gencyapimarket.com\/wp-content\/uploads\/2017\/01\/about.jpg);\">\r\n\t<div class=\"container\">\r\n\t\t<div class=\"row\">\r\n\t\t\t<div class=\"col-md-4 col-sm-12 col-xs-12\">\r\n\t\t\t\t<figure class=\"img-box\">\r\n\t\t\t\t\t<img decoding=\"async\" src=\"https:\/\/gencyapimarket.com\/wp-content\/uploads\/2017\/01\/1-1.png\" alt=\"image\">\r\n\t\t\t\t<\/figure>\r\n\t\t\t<\/div>\r\n\t\t\t<div class=\"col-md-8 col-sm-12\">\r\n\t\t\t\t<div class=\"section-title\">\r\n\t\t\t\t\t<h2>Human Resources Applications<\/h2>\r\n\t\t\t\t\t<span class=\"decor\"><\/span>\r\n\t\t\t\t<\/div>\r\n\t\t\t\t<div class=\"row\">\r\n                \t\r\n                    \t\t            <div class=\"service-block-one col-md-6 col-sm-6 col-xs-12\">\r\n\t\t            \t<div class=\"inner-box wow fadeIn animated\" data-wow-delay=\"0ms\" data-wow-duration=\"1500ms\" style=\"visibility: visible; animation-duration: 1500ms; animation-delay: 0ms; animation-name: fadeIn;\">\r\n\t\t                    <!--icon-block-->\r\n\t\t                    <div class=\"icon_box\">\r\n\t\t                        <span class=\"icon flaticon-box\"><\/span>\r\n\t\t                    <\/div>\r\n\t\t                    <h3>Recruitment<\/h3>\r\n\t\t                    <div class=\"category\"><\/div>\r\n\t\t                    <div class=\"text\"><p>The main purpose of recruitment and placement is to select employees who are compatible with the company culture and values, who will meet the requirements of the positions, and who will carry our company into the future, and to place them in the most suitable position. Accordingly, candidates are evaluated with one-on-one and panel interview techniques. You can make a &quot;General Application&quot; to be evaluated when a position suitable for your profile opens in our company, or you can apply for an advertised position.<\/p><\/div>\r\n\t\t                <\/div>\r\n\t\t            <\/div>\r\n\t\t\t\t\t\t\t            <div class=\"service-block-one col-md-6 col-sm-6 col-xs-12\">\r\n\t\t            \t<div class=\"inner-box wow fadeIn animated\" data-wow-delay=\"0ms\" data-wow-duration=\"1500ms\" style=\"visibility: visible; animation-duration: 1500ms; animation-delay: 0ms; animation-name: fadeIn;\">\r\n\t\t                    <!--icon-block-->\r\n\t\t                    <div class=\"icon_box\">\r\n\t\t                        <span class=\"icon flaticon-tool-1\"><\/span>\r\n\t\t                    <\/div>\r\n\t\t                    <h3>Performance Management<\/h3>\r\n\t\t                    <div class=\"category\"><\/div>\r\n\t\t                    <div class=\"text\"><p>\u0130LKAY M. GEN\u00c7 LTD. supports continuous development by evaluating the participation of employees in achieving its goals with a fair, systematic and measurable method. Our aim is to determine measurable business goals, to control the success in achieving these goals and to ensure evaluation. By evaluating at regular intervals, to ensure open and honest discussion of general performance in the light of the determined goals and job description standards, to determine the areas of development and to create an action plan.<\/p><\/div>\r\n\t\t                <\/div>\r\n\t\t            <\/div>\r\n\t\t\t\t\t\t\t            <div class=\"service-block-one col-md-6 col-sm-6 col-xs-12\">\r\n\t\t            \t<div class=\"inner-box wow fadeIn animated\" data-wow-delay=\"0ms\" data-wow-duration=\"1500ms\" style=\"visibility: visible; animation-duration: 1500ms; animation-delay: 0ms; animation-name: fadeIn;\">\r\n\t\t                    <!--icon-block-->\r\n\t\t                    <div class=\"icon_box\">\r\n\t\t                        <span class=\"icon flaticon-interface-1\"><\/span>\r\n\t\t                    <\/div>\r\n\t\t                    <h3>Education<\/h3>\r\n\t\t                    <div class=\"category\"><\/div>\r\n\t\t                    <div class=\"text\"><p>The training needs of employees are determined within the performance development system. The determined and planned training programs help to increase and develop the employee&#39;s competencies and current performance.<\/p><\/div>\r\n\t\t                <\/div>\r\n\t\t            <\/div>\r\n\t\t\t\t\t\t\t            <div class=\"service-block-one col-md-6 col-sm-6 col-xs-12\">\r\n\t\t            \t<div class=\"inner-box wow fadeIn animated\" data-wow-delay=\"0ms\" data-wow-duration=\"1500ms\" style=\"visibility: visible; animation-duration: 1500ms; animation-delay: 0ms; animation-name: fadeIn;\">\r\n\t\t                    <!--icon-block-->\r\n\t\t                    <div class=\"icon_box\">\r\n\t\t                        <span class=\"icon flaticon-people-1\"><\/span>\r\n\t\t                    <\/div>\r\n\t\t                    <h3>Occupational Health and Safety<\/h3>\r\n\t\t                    <div class=\"category\">Engineers<\/div>\r\n\t\t                    <div class=\"text\"><p>\u0130LKAY M. GEN\u00c7 LTD. As a policy, it aims to provide a safe and healthy environment for its employees and works with the ideal of preventing any losses that may prevent the normal working order and any accidents resulting in \u201chuman or machine\u201d.<\/p><\/div>\r\n\t\t                <\/div>\r\n\t\t            <\/div>\r\n\t\t\t\t\t                    \r\n\t\t\t\t<\/div>\r\n\t\t\t<\/div>\r\n\t\t\t\t\t\r\n\t\t<\/div>\r\n\t<\/div>\r\n<\/div>\r\n\r\n<\/div><\/div><\/div><\/div><\/section><section class=\"kc-elm kc-css-137486 kc_row\"><div class=\"kc-row-container  kc-container\"><div class=\"kc-wrap-columns\"><div class=\"kc-elm kc-css-149278 kc_col-sm-12 kc_column kc_col-sm-12\"><div class=\"kc-col-container\"><section class=\"four-column\">\r\n\t<div class=\"container text-center\">\r\n\t\t<div class=\"section-title text-center\">\r\n\t\t\t<h2>Working Process<\/h2>\r\n\t\t\t<span class=\"decor\"><\/span>\r\n\t\t<\/div>\r\n\t\t<div class=\"row\">\r\n\t\t\t\r\n\t\t\t\t\t\t<div class=\"col-md-3 col-sm-6 col-xs-12 text-center\">\r\n\t\t\t\t<div class=\"single-item\">\r\n\t\t\t\t\t<div class=\"inner-box\"><div class=\"icon\"><i class=\"rot sl-user\"><\/i><\/div><\/div>\r\n\t\t\t\t\t<h5>Meet Customers<\/h5>\r\n\t\t\t\t\t<p>Our designers will meet the customer and share about our ideas.<\/p>\r\n\t\t\t\t<\/div>\r\n\t\t\t<\/div>\r\n\t\t\t\t\t\t<div class=\"col-md-3 col-sm-6 col-xs-12 text-center\">\r\n\t\t\t\t<div class=\"single-item\">\r\n\t\t\t\t\t<div class=\"inner-box\"><div class=\"icon\"><i class=\"rot et-lightbulb\"><\/i><\/div><\/div>\r\n\t\t\t\t\t<h5>Discuss Concept<\/h5>\r\n\t\t\t\t\t<p>After customer meeting, our designer will give some idea to new design.<\/p>\r\n\t\t\t\t<\/div>\r\n\t\t\t<\/div>\r\n\t\t\t\t\t\t<div class=\"col-md-3 col-sm-6 col-xs-12 text-center\">\r\n\t\t\t\t<div class=\"single-item\">\r\n\t\t\t\t\t<div class=\"inner-box\"><div class=\"icon\"><i class=\"rot et-document\"><\/i><\/div><\/div>\r\n\t\t\t\t\t<h5>Confirm Agreement<\/h5>\r\n\t\t\t\t\t<p>With 100% customer satifsfaction our designer confirms the agreement.<\/p>\r\n\t\t\t\t<\/div>\r\n\t\t\t<\/div>\r\n\t\t\t\t\t\t<div class=\"col-md-3 col-sm-6 col-xs-12 text-center\">\r\n\t\t\t\t<div class=\"single-item\">\r\n\t\t\t\t\t<div class=\"inner-box\"><div class=\"icon\"><i class=\"rot et-tools\"><\/i><\/div><\/div>\r\n\t\t\t\t\t<h5>Design &amp; Install<\/h5>\r\n\t\t\t\t\t<p>After the confirmation our designing team will design &amp; Completed.<\/p>\r\n\t\t\t\t<\/div>\r\n\t\t\t<\/div>\r\n\t\t\t\r\n\t\t<\/div>\r\n\t<\/div>\r\n<\/section>\r\n<\/div><\/div><\/div><\/div><\/section><section class=\"kc-elm kc-css-825730 kc_row\"><div class=\"kc-row-container\"><div class=\"kc-wrap-columns\"><div class=\"kc-elm kc-css-174946 kc_col-sm-12 kc_column kc_col-sm-12\"><div class=\"kc-col-container\">   \r\n\r\n<section class=\"testimonial-style-one\" style=\"background-image:url(https:\/\/gencyapimarket.com\/wp-content\/uploads\/2017\/01\/testimonial.jpg);\">\r\n\t<div class=\"container\">\r\n    \t<div class=\"row\">\r\n        \t\r\n            <div class=\"carousel-outer\">\r\n                <div class=\"icon icon-left\"><\/div>\r\n                <div class=\"single-item-carousel testimonial-carousel\">\r\n\r\n                                        <!--Slide Item-->\r\n                    <div class=\"slide-item\">\r\n                    \t<div class=\"section-title text-center\">\r\n\t\t\t\t\t\t\t<h2>Customer Feedback<\/h2>\r\n\t\t\t\t\t\t\t<span class=\"decor\"><\/span>\r\n\t\t\t\t\t\t<\/div>\r\n                        <div class=\"inner-box\">\r\n                            <div class=\"slide-text\">Today we can tell you, thanks to your passion, hard work creativity, and expertise, you delivered us the most beautiful house ever! It&#39;s been a beautiful ride, there&#39;s up and down&#39;s, frustrations, delays at the same time ...<\/div>\r\n                            <!--auther-info-->\r\n                            <div class=\"auther-info\">\r\n                                <div class=\"auther-name\">- JOHN ZABRILLA Newyourk City<\/div>\r\n                                                            <\/div>\r\n                        <\/div>\r\n                    <\/div>\r\n\t\t\t\t\t                    <!--Slide Item-->\r\n                    <div class=\"slide-item\">\r\n                    \t<div class=\"section-title text-center\">\r\n\t\t\t\t\t\t\t<h2>Customer Feedback<\/h2>\r\n\t\t\t\t\t\t\t<span class=\"decor\"><\/span>\r\n\t\t\t\t\t\t<\/div>\r\n                        <div class=\"inner-box\">\r\n                            <div class=\"slide-text\">Gen\u00e7 Yap\u0131 Market is a place where I can find all kinds of construction materials at affordable prices. I&#39;ve been shopping for years, this structure gives confidence to the market. Being one of the well-established companies of Cyprus, product quality is above the standards and reasonable prices, Gen\u00e7 Yap\u0131 Marketi ...<\/div>\r\n                            <!--auther-info-->\r\n                            <div class=\"auther-info\">\r\n                                <div class=\"auther-name\">- Ahmet Arslan Famagusta<\/div>\r\n                                                                <ul class=\"rating\">\r\n                                \t<li><i class=\"fa fa-star\"><\/i><\/li><li><i class=\"fa fa-star\"><\/i><\/li><li><i class=\"fa fa-star\"><\/i><\/li><li><i class=\"fa fa-star\"><\/i><\/li><li><i class=\"fa fa-star\"><\/i><\/li>                                <\/ul>\r\n                                                            <\/div>\r\n                        <\/div>\r\n                    <\/div>\r\n\t\t\t\t\t                    <!--Slide Item-->\r\n                    <div class=\"slide-item\">\r\n                    \t<div class=\"section-title text-center\">\r\n\t\t\t\t\t\t\t<h2>Customer Feedback<\/h2>\r\n\t\t\t\t\t\t\t<span class=\"decor\"><\/span>\r\n\t\t\t\t\t\t<\/div>\r\n                        <div class=\"inner-box\">\r\n                            <div class=\"slide-text\">I am constantly shopping from Lefko\u015fa Gen\u00e7 Yap\u0131 Market. The staff&#39;s interest and attitude is just fine. Product diversity, more favorable prices and continuity from the market are the main reasons why I choose Gen\u00e7 Yap\u0131 Market.<\/div>\r\n                            <!--auther-info-->\r\n                            <div class=\"auther-info\">\r\n                                <div class=\"auther-name\">- Serkan Kahraman Nicosia<\/div>\r\n                                                                <ul class=\"rating\">\r\n                                \t<li><i class=\"fa fa-star\"><\/i><\/li><li><i class=\"fa fa-star\"><\/i><\/li><li><i class=\"fa fa-star\"><\/i><\/li><li><i class=\"fa fa-star\"><\/i><\/li><li><i class=\"fa fa-star\"><\/i><\/li>                                <\/ul>\r\n                                                            <\/div>\r\n                        <\/div>\r\n                    <\/div>\r\n\t\t\t\t\t                    \r\n                <\/div>\r\n            <\/div>\r\n            \r\n        <\/div>\r\n    <\/div>\r\n<\/section>\r\n\r\n<\/div><\/div><\/div><\/div><\/section><section class=\"kc-elm kc-css-624491 kc_row\"><div class=\"kc-row-container\"><div class=\"kc-wrap-columns\"><div class=\"kc-elm kc-css-555079 kc_col-sm-12 kc_column kc_col-sm-12\"><div class=\"kc-col-container\"><section class=\"clients-section\">\r\n\t<div class=\"container\">\r\n    \t    \t<div class=\"section-title\">\r\n\t\t\t<h2>Our Partners<\/h2>\r\n\t\t\t<span class=\"decor\"><\/span>\r\n\t\t<\/div>\r\n                \r\n\t\t<div class=\"client-carousel owl-carousel owl-theme\">\r\n\t\t\t\r\n            \t\t\t<div class=\"item\">\r\n\t\t\t\t<img decoding=\"async\" src=\"https:\/\/gencyapimarket.com\/wp-content\/uploads\/2019\/09\/bosch.png\" alt=\"image\"\/>\r\n\t\t\t\t<div class=\"overly\"><div class=\"content\"><h4><a href=\"https:\/\/www.bosch-professional.com\/tr\/tr\/\">BOSCH<\/a><\/h4><\/div><\/div>\r\n\t\t\t<\/div>\r\n\t\t\t\t\t\t<div class=\"item\">\r\n\t\t\t\t<img decoding=\"async\" src=\"https:\/\/gencyapimarket.com\/wp-content\/uploads\/2019\/09\/mw2.png\" alt=\"image\"\/>\r\n\t\t\t\t<div class=\"overly\"><div class=\"content\"><h4><a href=\"\">MAGMAWELD<\/a><\/h4><\/div><\/div>\r\n\t\t\t<\/div>\r\n\t\t\t\t\t\t<div class=\"item\">\r\n\t\t\t\t<img decoding=\"async\" src=\"https:\/\/gencyapimarket.com\/wp-content\/uploads\/2019\/09\/dufa-1.png\" alt=\"image\"\/>\r\n\t\t\t\t<div class=\"overly\"><div class=\"content\"><h4><a href=\"\">D\u00dcFTE to<\/a><\/h4><\/div><\/div>\r\n\t\t\t<\/div>\r\n\t\t\t\t\t\t<div class=\"item\">\r\n\t\t\t\t<img decoding=\"async\" src=\"https:\/\/gencyapimarket.com\/wp-content\/uploads\/2019\/09\/tvrpan.png\" alt=\"image\"\/>\r\n\t\t\t\t<div class=\"overly\"><div class=\"content\"><h4><a href=\"\">Teverpan<\/a><\/h4><\/div><\/div>\r\n\t\t\t<\/div>\r\n\t\t\t\t\t\t<div class=\"item\">\r\n\t\t\t\t<img decoding=\"async\" src=\"https:\/\/gencyapimarket.com\/wp-content\/uploads\/2019\/09\/stanley.png\" alt=\"image\"\/>\r\n\t\t\t\t<div class=\"overly\"><div class=\"content\"><h4><a href=\"#\">STANLEY<\/a><\/h4><\/div><\/div>\r\n\t\t\t<\/div>\r\n\t\t\t\t\t\t<div class=\"item\">\r\n\t\t\t\t<img decoding=\"async\" src=\"https:\/\/gencyapimarket.com\/wp-content\/uploads\/2019\/09\/YRTBAY.png\" alt=\"image\"\/>\r\n\t\t\t\t<div class=\"overly\"><div class=\"content\"><h4><a href=\"#\">YURTBAY CERAMIC<\/a><\/h4><\/div><\/div>\r\n\t\t\t<\/div>\r\n\t\t\t\t\t\t<div class=\"item\">\r\n\t\t\t\t<img decoding=\"async\" src=\"https:\/\/gencyapimarket.com\/wp-content\/uploads\/2019\/09\/idevit.png\" alt=\"image\"\/>\r\n\t\t\t\t<div class=\"overly\"><div class=\"content\"><h4><a href=\"#\">IDEVIT<\/a><\/h4><\/div><\/div>\r\n\t\t\t<\/div>\r\n\t\t\t\t\t\t<div class=\"item\">\r\n\t\t\t\t<img decoding=\"async\" src=\"https:\/\/gencyapimarket.com\/wp-content\/uploads\/2019\/09\/claber.png\" alt=\"image\"\/>\r\n\t\t\t\t<div class=\"overly\"><div class=\"content\"><h4><a href=\"#\">CLABER<\/a><\/h4><\/div><\/div>\r\n\t\t\t<\/div>\r\n\t\t\t\r\n\t\t<\/div>\r\n\t<\/div>\t\r\n<\/section>\r\n<\/div><\/div><\/div><\/div><\/section><section class=\"kc-elm kc-css-651364 kc_row\"><div class=\"kc-row-container  kc-container\"><div class=\"kc-wrap-columns\"><div class=\"kc-elm kc-css-765979 kc_col-sm-12 kc_column kc_col-sm-12\"><div class=\"kc-col-container\"><\/div><\/div><\/div><\/div><\/section><\/p>","protected":false},"excerpt":{"rendered":"","protected":false},"author":1,"featured_media":0,"parent":0,"menu_order":0,"comment_status":"closed","ping_status":"closed","template":"tpl-king_composer.php","meta":{"footnotes":""},"_links":{"self":[{"href":"https:\/\/gencyapimarket.com\/en\/wp-json\/wp\/v2\/pages\/1096"}],"collection":[{"href":"https:\/\/gencyapimarket.com\/en\/wp-json\/wp\/v2\/pages"}],"about":[{"href":"https:\/\/gencyapimarket.com\/en\/wp-json\/wp\/v2\/types\/page"}],"author":[{"embeddable":true,"href":"https:\/\/gencyapimarket.com\/en\/wp-json\/wp\/v2\/users\/1"}],"replies":[{"embeddable":true,"href":"https:\/\/gencyapimarket.com\/en\/wp-json\/wp\/v2\/comments?post=1096"}],"version-history":[{"count":30,"href":"https:\/\/gencyapimarket.com\/en\/wp-json\/wp\/v2\/pages\/1096\/revisions"}],"predecessor-version":[{"id":1131,"href":"https:\/\/gencyapimarket.com\/en\/wp-json\/wp\/v2\/pages\/1096\/revisions\/1131"}],"wp:attachment":[{"href":"https:\/\/gencyapimarket.com\/en\/wp-json\/wp\/v2\/media?parent=1096"}],"curies":[{"name":"wp","href":"https:\/\/api.w.org\/{rel}","templated":true}]}}