{"id":120,"date":"2017-01-16T12:09:10","date_gmt":"2017-01-16T12:09:10","guid":{"rendered":"http:\/\/wp1.themexlab.com\/newwp\/woodworks\/?page_id=120"},"modified":"2019-09-11T21:28:53","modified_gmt":"2019-09-11T18:28:53","slug":"about","status":"publish","type":"page","link":"https:\/\/gencyapimarket.com\/en\/about\/","title":{"rendered":"About"},"content":{"rendered":"<p><section class=\"kc-elm kc-css-894083 kc_row\"><div class=\"kc-row-container  kc-container\"><div class=\"kc-wrap-columns\"><div class=\"kc-elm kc-css-576945 kc_col-sm-12 kc_column kc_col-sm-12\"><div class=\"kc-col-container\"><div class=\"two-column\">\r\n\t<div class=\"container\">\r\n\t\t<div class=\"row\">\r\n\t\t\t<div class=\"col-md-6 col-sm-12\">\r\n\t\t\t\t<figure class=\"img-box\">\r\n\t\t\t\t\t<img decoding=\"async\" src=\"https:\/\/gencyapimarket.com\/wp-content\/uploads\/2017\/01\/2-4.jpg\" alt=\"image\">\r\n\t\t\t\t\t<div class=\"overlay-box\">\r\n\t\t\t\t\t\t<div class=\"quote\"><span class=\"icon-right\"><\/span><\/div>\r\n\t\t\t\t\t\t<p>We must always behave and act in a way.<\/p>\r\n\t\t\t\t\t\t<div class=\"signature-image\"><img decoding=\"async\" src=\"https:\/\/gencyapimarket.com\/wp-content\/uploads\/2017\/01\/sign.png\" alt=\"image\"><\/div>\r\n\t                    <div class=\"about-owner\">\r\n\t                        <h4>Meckey Bush<\/h4>\r\n\t                        <div class=\"company-title\">Chairman.<\/div>\r\n\t                    <\/div>\r\n\t\t\t\t\t<\/div>\r\n\t\t\t\t<\/figure>\r\n\t\t\t<\/div>\r\n\t\t\t<div class=\"col-md-6 col-sm-12\">\r\n\t\t\t\t<div class=\"section-title\">\r\n\t\t\t\t\t<h2>We are Woodworks<\/h2>\r\n\t\t\t\t\t<span class=\"decor\"><\/span>\r\n\t\t\t\t<\/div>\r\n\t\t\t\t<div class=\"text\">\r\n\t\t\t\t\t<p>Our commitment to bring professionalism, good service &amp; trust to the home repair service &amp; maintenance business. We take immense pride. We have fixed over 5,500,000 houses in 25 years of existence.<\/p><br>\r\n<p>Since our meetings take place in your home or office, we&#39;ll work with you to help you get the best out of your life. .<\/p><br>\r\n\t\t\t\t<\/div>\r\n\t\t\t\t<div class=\"link_btn\"><a href=\"http:\/\/wp1.themexlab.com\/newwp\/woodworks\/\" class=\"thm-btn thm-color thm-tran-bg\">More About Us<\/a><\/div><br>\r\n\t\t\t<\/div>\r\n\t\t<\/div>\r\n\t<\/div>\r\n<\/div>\r\n<\/div><\/div><\/div><\/div><\/section><section class=\"kc-elm kc-css-330608 kc_row\"><div class=\"kc-row-container\"><div class=\"kc-wrap-columns\"><div class=\"kc-elm kc-css-431220 kc_col-sm-12 kc_column kc_col-sm-12\"><div class=\"kc-col-container\"><!--Fact Counter-->\r\n<section class=\"fact-counter\" style=\"background-image:url(https:\/\/gencyapimarket.com\/wp-content\/uploads\/2017\/01\/fac.jpg);\">\r\n\t<div class=\"container\">\r\n    \t<div class=\"row clearfix\">\r\n        \t<div class=\"counter-outer clearfix\">\r\n            \r\n            \t                <!--Column-->\r\n                <article class=\"column counter-column col-md-3 col-sm-6 col-xs-12 wow fadeIn\" data-wow-duration=\"0ms\">\r\n                    \r\n                    <div class=\"count-outer\"><div class=\"icon\"><span class=\"et-tools-2\"><\/span><\/div><span class=\"count-text\" data-speed=\"3000\" data-stop=\"742\">0<\/span>+<\/div>\r\n                    <h4 class=\"counter-title\">Sucessfull Projects<\/h4>\r\n                <\/article>\r\n                                <!--Column-->\r\n                <article class=\"column counter-column col-md-3 col-sm-6 col-xs-12 wow fadeIn\" data-wow-duration=\"0ms\">\r\n                    \r\n                    <div class=\"count-outer\"><div class=\"icon\"><span class=\"sl-user\"><\/span><\/div><span class=\"count-text\" data-speed=\"3000\" data-stop=\"100\">0<\/span>%<\/div>\r\n                    <h4 class=\"counter-title\">Satisfied Clients<\/h4>\r\n                <\/article>\r\n                                <!--Column-->\r\n                <article class=\"column counter-column col-md-3 col-sm-6 col-xs-12 wow fadeIn\" data-wow-duration=\"0ms\">\r\n                    \r\n                    <div class=\"count-outer\"><div class=\"icon\"><span class=\"sl-badge\"><\/span><\/div><span class=\"count-text\" data-speed=\"3000\" data-stop=\"50\">0<\/span><\/div>\r\n                    <h4 class=\"counter-title\">Wining Awards<\/h4>\r\n                <\/article>\r\n                                <!--Column-->\r\n                <article class=\"column counter-column col-md-3 col-sm-6 col-xs-12 wow fadeIn\" data-wow-duration=\"0ms\">\r\n                    \r\n                    <div class=\"count-outer\"><div class=\"icon\"><span class=\"et-tools\"><\/span><\/div><span class=\"count-text\" data-speed=\"3000\" data-stop=\"247\">0<\/span><\/div>\r\n                    <h4 class=\"counter-title\">Profesional Workers<\/h4>\r\n                <\/article>\r\n                                \r\n            <\/div>\r\n        <\/div>\r\n    <\/div>\r\n<\/section>\r\n<\/div><\/div><\/div><\/div><\/section><section class=\"kc-elm kc-css-173195 kc_row\"><div class=\"kc-row-container\"><div class=\"kc-wrap-columns\"><div class=\"kc-elm kc-css-23268 kc_col-sm-12 kc_column kc_col-sm-12\"><div class=\"kc-col-container\">   \r\n<\/div><\/div><\/div><\/div><\/section><section class=\"kc-elm kc-css-843554 kc_row\"><div class=\"kc-row-container  kc-container\"><div class=\"kc-wrap-columns\"><div class=\"kc-elm kc-css-910975 kc_col-sm-12 kc_column kc_col-sm-12\"><div class=\"kc-col-container\"><section class=\"four-column\">\r\n\t<div class=\"container text-center\">\r\n\t\t<div class=\"section-title text-center\">\r\n\t\t\t<h2>Working Process<\/h2>\r\n\t\t\t<span class=\"decor\"><\/span>\r\n\t\t<\/div>\r\n\t\t<div class=\"row\">\r\n\t\t\t\r\n\t\t\t\t\t\t<div class=\"col-md-3 col-sm-6 col-xs-12 text-center\">\r\n\t\t\t\t<div class=\"single-item\">\r\n\t\t\t\t\t<div class=\"inner-box\"><div class=\"icon\"><i class=\"rot sl-user\"><\/i><\/div><\/div>\r\n\t\t\t\t\t<h5>Meet Customers<\/h5>\r\n\t\t\t\t\t<p>Our designers will meet the customer and share about our ideas.<\/p>\r\n\t\t\t\t<\/div>\r\n\t\t\t<\/div>\r\n\t\t\t\t\t\t<div class=\"col-md-3 col-sm-6 col-xs-12 text-center\">\r\n\t\t\t\t<div class=\"single-item\">\r\n\t\t\t\t\t<div class=\"inner-box\"><div class=\"icon\"><i class=\"rot et-lightbulb\"><\/i><\/div><\/div>\r\n\t\t\t\t\t<h5>Discuss Concept<\/h5>\r\n\t\t\t\t\t<p>After customer meeting, our designer will give some idea to new design.<\/p>\r\n\t\t\t\t<\/div>\r\n\t\t\t<\/div>\r\n\t\t\t\t\t\t<div class=\"col-md-3 col-sm-6 col-xs-12 text-center\">\r\n\t\t\t\t<div class=\"single-item\">\r\n\t\t\t\t\t<div class=\"inner-box\"><div class=\"icon\"><i class=\"rot et-document\"><\/i><\/div><\/div>\r\n\t\t\t\t\t<h5>Confirm Agreement<\/h5>\r\n\t\t\t\t\t<p>With 100% customer satifsfaction our designer confirms the agreement.<\/p>\r\n\t\t\t\t<\/div>\r\n\t\t\t<\/div>\r\n\t\t\t\t\t\t<div class=\"col-md-3 col-sm-6 col-xs-12 text-center\">\r\n\t\t\t\t<div class=\"single-item\">\r\n\t\t\t\t\t<div class=\"inner-box\"><div class=\"icon\"><i class=\"rot et-tools\"><\/i><\/div><\/div>\r\n\t\t\t\t\t<h5>Design &amp; Install<\/h5>\r\n\t\t\t\t\t<p>After the confirmation our designing team will design &amp; Completed.<\/p>\r\n\t\t\t\t<\/div>\r\n\t\t\t<\/div>\r\n\t\t\t\r\n\t\t<\/div>\r\n\t<\/div>\r\n<\/section>\r\n<\/div><\/div><\/div><\/div><\/section><section class=\"kc-elm kc-css-366044 kc_row\"><div class=\"kc-row-container\"><div class=\"kc-wrap-columns\"><div class=\"kc-elm kc-css-928695 kc_col-sm-12 kc_column kc_col-sm-12\"><div class=\"kc-col-container\">   \r\n\r\n<section class=\"testimonial-style-one\" style=\"background-image:url(https:\/\/gencyapimarket.com\/wp-content\/uploads\/2017\/01\/testimonial.jpg);\">\r\n\t<div class=\"container\">\r\n    \t<div class=\"row\">\r\n        \t\r\n            <div class=\"carousel-outer\">\r\n                <div class=\"icon icon-left\"><\/div>\r\n                <div class=\"single-item-carousel testimonial-carousel\">\r\n\r\n                                        <!--Slide Item-->\r\n                    <div class=\"slide-item\">\r\n                    \t<div class=\"section-title text-center\">\r\n\t\t\t\t\t\t\t<h2>Customer Feedback<\/h2>\r\n\t\t\t\t\t\t\t<span class=\"decor\"><\/span>\r\n\t\t\t\t\t\t<\/div>\r\n                        <div class=\"inner-box\">\r\n                            <div class=\"slide-text\">Today we can tell you, thanks to your passion, hard work creativity, and expertise, you delivered us the most beautiful house ever! It&#39;s been a beautiful ride, there&#39;s up and down&#39;s, frustrations, delays at the same time ...<\/div>\r\n                            <!--auther-info-->\r\n                            <div class=\"auther-info\">\r\n                                <div class=\"auther-name\">- JOHN ZABRILLA Newyourk City<\/div>\r\n                                                            <\/div>\r\n                        <\/div>\r\n                    <\/div>\r\n\t\t\t\t\t                    <!--Slide Item-->\r\n                    <div class=\"slide-item\">\r\n                    \t<div class=\"section-title text-center\">\r\n\t\t\t\t\t\t\t<h2>Customer Feedback<\/h2>\r\n\t\t\t\t\t\t\t<span class=\"decor\"><\/span>\r\n\t\t\t\t\t\t<\/div>\r\n                        <div class=\"inner-box\">\r\n                            <div class=\"slide-text\">Gen\u00e7 Yap\u0131 Market is a place where I can find all kinds of construction materials at affordable prices. I&#39;ve been shopping for years, this structure gives confidence to the market. Being one of the well-established companies of Cyprus, product quality is above the standards and reasonable prices, Gen\u00e7 Yap\u0131 Marketi ...<\/div>\r\n                            <!--auther-info-->\r\n                            <div class=\"auther-info\">\r\n                                <div class=\"auther-name\">- Ahmet Arslan Famagusta<\/div>\r\n                                                                <ul class=\"rating\">\r\n                                \t<li><i class=\"fa fa-star\"><\/i><\/li><li><i class=\"fa fa-star\"><\/i><\/li><li><i class=\"fa fa-star\"><\/i><\/li><li><i class=\"fa fa-star\"><\/i><\/li><li><i class=\"fa fa-star\"><\/i><\/li>                                <\/ul>\r\n                                                            <\/div>\r\n                        <\/div>\r\n                    <\/div>\r\n\t\t\t\t\t                    <!--Slide Item-->\r\n                    <div class=\"slide-item\">\r\n                    \t<div class=\"section-title text-center\">\r\n\t\t\t\t\t\t\t<h2>Customer Feedback<\/h2>\r\n\t\t\t\t\t\t\t<span class=\"decor\"><\/span>\r\n\t\t\t\t\t\t<\/div>\r\n                        <div class=\"inner-box\">\r\n                            <div class=\"slide-text\">I am constantly shopping from Lefko\u015fa Gen\u00e7 Yap\u0131 Market. The staff&#39;s interest and attitude is just fine. Product diversity, more favorable prices and continuity from the market are the main reasons why I choose Gen\u00e7 Yap\u0131 Market.<\/div>\r\n                            <!--auther-info-->\r\n                            <div class=\"auther-info\">\r\n                                <div class=\"auther-name\">- Serkan Kahraman Nicosia<\/div>\r\n                                                                <ul class=\"rating\">\r\n                                \t<li><i class=\"fa fa-star\"><\/i><\/li><li><i class=\"fa fa-star\"><\/i><\/li><li><i class=\"fa fa-star\"><\/i><\/li><li><i class=\"fa fa-star\"><\/i><\/li><li><i class=\"fa fa-star\"><\/i><\/li>                                <\/ul>\r\n                                                            <\/div>\r\n                        <\/div>\r\n                    <\/div>\r\n\t\t\t\t\t                    \r\n                <\/div>\r\n            <\/div>\r\n            \r\n        <\/div>\r\n    <\/div>\r\n<\/section>\r\n\r\n<\/div><\/div><\/div><\/div><\/section><section class=\"kc-elm kc-css-861701 kc_row\"><div class=\"kc-row-container\"><div class=\"kc-wrap-columns\"><div class=\"kc-elm kc-css-145026 kc_col-sm-12 kc_column kc_col-sm-12\"><div class=\"kc-col-container\"><section class=\"clients-section\">\r\n\t<div class=\"container\">\r\n    \t    \t<div class=\"section-title\">\r\n\t\t\t<h2>Our Partners<\/h2>\r\n\t\t\t<span class=\"decor\"><\/span>\r\n\t\t<\/div>\r\n                \r\n\t\t<div class=\"client-carousel owl-carousel owl-theme\">\r\n\t\t\t\r\n            \t\t\t<div class=\"item\">\r\n\t\t\t\t<img decoding=\"async\" src=\"https:\/\/gencyapimarket.com\/wp-content\/uploads\/2019\/09\/bosch.png\" alt=\"image\"\/>\r\n\t\t\t\t<div class=\"overly\"><div class=\"content\"><h4><a href=\"https:\/\/www.bosch-professional.com\/tr\/tr\/\">BOSCH<\/a><\/h4><\/div><\/div>\r\n\t\t\t<\/div>\r\n\t\t\t\t\t\t<div class=\"item\">\r\n\t\t\t\t<img decoding=\"async\" src=\"https:\/\/gencyapimarket.com\/wp-content\/uploads\/2019\/09\/mw2.png\" alt=\"image\"\/>\r\n\t\t\t\t<div class=\"overly\"><div class=\"content\"><h4><a href=\"\">MAGMAWELD<\/a><\/h4><\/div><\/div>\r\n\t\t\t<\/div>\r\n\t\t\t\t\t\t<div class=\"item\">\r\n\t\t\t\t<img decoding=\"async\" src=\"https:\/\/gencyapimarket.com\/wp-content\/uploads\/2019\/09\/dufa-1.png\" alt=\"image\"\/>\r\n\t\t\t\t<div class=\"overly\"><div class=\"content\"><h4><a href=\"\">D\u00dcFTE to<\/a><\/h4><\/div><\/div>\r\n\t\t\t<\/div>\r\n\t\t\t\t\t\t<div class=\"item\">\r\n\t\t\t\t<img decoding=\"async\" src=\"https:\/\/gencyapimarket.com\/wp-content\/uploads\/2019\/09\/tvrpan.png\" alt=\"image\"\/>\r\n\t\t\t\t<div class=\"overly\"><div class=\"content\"><h4><a href=\"\">Teverpan<\/a><\/h4><\/div><\/div>\r\n\t\t\t<\/div>\r\n\t\t\t\t\t\t<div class=\"item\">\r\n\t\t\t\t<img decoding=\"async\" src=\"https:\/\/gencyapimarket.com\/wp-content\/uploads\/2019\/09\/stanley.png\" alt=\"image\"\/>\r\n\t\t\t\t<div class=\"overly\"><div class=\"content\"><h4><a href=\"#\">STANLEY<\/a><\/h4><\/div><\/div>\r\n\t\t\t<\/div>\r\n\t\t\t\t\t\t<div class=\"item\">\r\n\t\t\t\t<img decoding=\"async\" src=\"https:\/\/gencyapimarket.com\/wp-content\/uploads\/2019\/09\/YRTBAY.png\" alt=\"image\"\/>\r\n\t\t\t\t<div class=\"overly\"><div class=\"content\"><h4><a href=\"#\">YURTBAY CERAMIC<\/a><\/h4><\/div><\/div>\r\n\t\t\t<\/div>\r\n\t\t\t\t\t\t<div class=\"item\">\r\n\t\t\t\t<img decoding=\"async\" src=\"https:\/\/gencyapimarket.com\/wp-content\/uploads\/2019\/09\/idevit.png\" alt=\"image\"\/>\r\n\t\t\t\t<div class=\"overly\"><div class=\"content\"><h4><a href=\"#\">IDEVIT<\/a><\/h4><\/div><\/div>\r\n\t\t\t<\/div>\r\n\t\t\t\t\t\t<div class=\"item\">\r\n\t\t\t\t<img decoding=\"async\" src=\"https:\/\/gencyapimarket.com\/wp-content\/uploads\/2019\/09\/claber.png\" alt=\"image\"\/>\r\n\t\t\t\t<div class=\"overly\"><div class=\"content\"><h4><a href=\"#\">CLABER<\/a><\/h4><\/div><\/div>\r\n\t\t\t<\/div>\r\n\t\t\t\r\n\t\t<\/div>\r\n\t<\/div>\t\r\n<\/section>\r\n<\/div><\/div><\/div><\/div><\/section><section class=\"kc-elm kc-css-224209 kc_row\"><div class=\"kc-row-container  kc-container\"><div class=\"kc-wrap-columns\"><div class=\"kc-elm kc-css-934445 kc_col-sm-12 kc_column kc_col-sm-12\"><div class=\"kc-col-container\"><\/div><\/div><\/div><\/div><\/section><\/p>","protected":false},"excerpt":{"rendered":"","protected":false},"author":1,"featured_media":0,"parent":0,"menu_order":0,"comment_status":"closed","ping_status":"closed","template":"tpl-king_composer.php","meta":{"footnotes":""},"_links":{"self":[{"href":"https:\/\/gencyapimarket.com\/en\/wp-json\/wp\/v2\/pages\/120"}],"collection":[{"href":"https:\/\/gencyapimarket.com\/en\/wp-json\/wp\/v2\/pages"}],"about":[{"href":"https:\/\/gencyapimarket.com\/en\/wp-json\/wp\/v2\/types\/page"}],"author":[{"embeddable":true,"href":"https:\/\/gencyapimarket.com\/en\/wp-json\/wp\/v2\/users\/1"}],"replies":[{"embeddable":true,"href":"https:\/\/gencyapimarket.com\/en\/wp-json\/wp\/v2\/comments?post=120"}],"version-history":[{"count":3,"href":"https:\/\/gencyapimarket.com\/en\/wp-json\/wp\/v2\/pages\/120\/revisions"}],"predecessor-version":[{"id":1100,"href":"https:\/\/gencyapimarket.com\/en\/wp-json\/wp\/v2\/pages\/120\/revisions\/1100"}],"wp:attachment":[{"href":"https:\/\/gencyapimarket.com\/en\/wp-json\/wp\/v2\/media?parent=120"}],"curies":[{"name":"wp","href":"https:\/\/api.w.org\/{rel}","templated":true}]}}