{"id":271,"date":"2017-01-18T06:57:08","date_gmt":"2017-01-18T06:57:08","guid":{"rendered":"http:\/\/wp1.themexlab.com\/newwp\/woodworks\/?page_id=271"},"modified":"2017-01-18T06:57:08","modified_gmt":"2017-01-18T06:57:08","slug":"varnish-and-polish","status":"publish","type":"page","link":"https:\/\/gencyapimarket.com\/en\/varnish-and-polish\/","title":{"rendered":"Varnish and Polish"},"content":{"rendered":"<p><section class=\"kc-elm kc-css-482535 kc_row news-content section-padding single-service-page our-features in-wrapper no-container\"><div class=\"kc-row-container  kc-container\"><div class=\"kc-wrap-columns\"><div class=\"kc-elm kc-css-841427 kc_col-sm-3 kc_column kc_col-sm-3\"><div class=\"kc-col-container\"><div class=\"kc-elm kc-css-723628 widget-area kc-wp-sidebar\"><div id=\"bunch_brochures-2\" class=\"side-bar widget sidebar_widget widget_bunch_brochures\">      \t\t\r\n            <!--Our Brochures-->\r\n            <div class=\"brochures\">\r\n            \t<div class=\"section-title inner\"><h4><\/h4><span class=\"decor\"><\/span><\/div>                <ul class=\"brochures-lists\">\r\n                    <li><a href=\"#\"><span>PDF<\/span>Our Brouchure.pdf<i class=\"fa fa-download\"><\/i><\/a><\/li>\r\n                    <li><a href=\"\"><span>PDF<\/span>Our Brouchure.txt<i class=\"fa fa-download\"><\/i><\/a><\/li>\r\n                <\/ul>\r\n            <\/div>\r\n            \r\n\t\t<\/div><div id=\"text-3\" class=\"side-bar widget sidebar_widget widget_text\">\t\t\t<div class=\"textwidget\"><\/div>\n\t\t<\/div><\/div><\/div><\/div><div class=\"kc-elm kc-css-647942 kc_col-sm-9 kc_column kc_col-sm-9\"><div class=\"kc-col-container\"><div class=\"outer row-5 clearfix\">\r\n    <div class=\"img-box pull-left pw-5 pb-10\">\r\n        <img decoding=\"async\" src=\"https:\/\/gencyapimarket.com\/wp-content\/uploads\/2017\/01\/8-2.jpg\" alt=\"image\">\r\n    <\/div>\r\n    <div class=\"img-box pull-left pw-5 pb-10\">\r\n        <img decoding=\"async\" src=\"https:\/\/gencyapimarket.com\/wp-content\/uploads\/2017\/01\/9-2.jpg\" alt=\"image\">\r\n    <\/div>\r\n    <div class=\"img-box pull-left pw-5 pb-10\">\r\n        <img decoding=\"async\" src=\"https:\/\/gencyapimarket.com\/wp-content\/uploads\/2017\/01\/10-2.jpg\" alt=\"image\">\r\n    <\/div>\r\n<\/div>\r\n<br>\r\n\r\n<div class=\"outer\">\r\n    <div class=\"section-title\">\r\n        <h3>Varnish and Polish<\/h3>\r\n        <span class=\"decor\"><\/span>\r\n    <\/div>\r\n    <div class=\"text-box\">\r\n        <div class=\"text\">\r\n            <p>We also done furniture remodeling, our experts help you remodeling your broken furnitures great explorer of the truth, the master-builder of human happiness No one rejects, dislikes, or avoids pleasure itself, because it is pleasure, but because those who do not know how to pursue pleasure<\/p>\r\n<br>\r\n<p>Remodeling your broken furnitures With this system, and expound.<\/p>        <\/div>\r\n    <\/div>\r\n<\/div>\r\n<br>\r\n<br><div class=\"outer\">\r\n    <div class=\"section-title\">\r\n        <h3>Price &amp; Plan<\/h3>\r\n        <span class=\"decor\"><\/span>\r\n    <\/div>\r\n    <div class=\"row\">\r\n    \r\n    \t        <!--Start single price box-->\r\n        <div class=\"col-lg-4 col-md-4 col-sm-6 col-xs-12 text-center\">\r\n            <div class=\"single-price-box\">\r\n                <div class=\"table-header\">\r\n                    <h3>Basic<\/h3>\r\n                <\/div>\r\n                <div class=\"content\">\r\n                    <div class=\"price\">\r\n                        <h1><sub>$ <\/sub>49<sub> \/B.C<\/sub><\/h1>\r\n                    <\/div>\r\n                    <div class=\"price-list\">\r\n                        <ul>\r\n                        \t\t\t\t\t\t\t\t<li>Billed anualy or $59 for every month<\/li>\r\n\t\t\t\t\t\t\t                        <\/ul>\r\n                    <\/div>\r\n                    <div class=\"table-footer\">\r\n                        <a href=\"#\" class=\"thm-btn thm-tran-bg\">Purchase<\/a>\r\n                    <\/div>\r\n                <\/div>\r\n            <\/div>\r\n        <\/div>\r\n        <!--Start single price box-->\r\n                <!--Start single price box-->\r\n        <div class=\"col-lg-4 col-md-4 col-sm-6 col-xs-12 text-center\">\r\n            <div class=\"single-price-box\">\r\n                <div class=\"table-header\">\r\n                    <h3>Special<\/h3>\r\n                <\/div>\r\n                <div class=\"content\">\r\n                    <div class=\"price\">\r\n                        <h1><sub>$ <\/sub>79<sub> \/B.C<\/sub><\/h1>\r\n                    <\/div>\r\n                    <div class=\"price-list\">\r\n                        <ul>\r\n                        \t\t\t\t\t\t\t\t<li>Billed anualy or $59 for every month<\/li>\r\n\t\t\t\t\t\t\t                        <\/ul>\r\n                    <\/div>\r\n                    <div class=\"table-footer\">\r\n                        <a href=\"#\" class=\"thm-btn thm-tran-bg\">Purchase<\/a>\r\n                    <\/div>\r\n                <\/div>\r\n            <\/div>\r\n        <\/div>\r\n        <!--Start single price box-->\r\n                <!--Start single price box-->\r\n        <div class=\"col-lg-4 col-md-4 col-sm-6 col-xs-12 text-center\">\r\n            <div class=\"single-price-box\">\r\n                <div class=\"table-header\">\r\n                    <h3>Premium<\/h3>\r\n                <\/div>\r\n                <div class=\"content\">\r\n                    <div class=\"price\">\r\n                        <h1><sub>$ <\/sub>99<sub> \/B.C<\/sub><\/h1>\r\n                    <\/div>\r\n                    <div class=\"price-list\">\r\n                        <ul>\r\n                        \t\t\t\t\t\t\t\t<li>Billed anualy or $59 for every month<\/li>\r\n\t\t\t\t\t\t\t                        <\/ul>\r\n                    <\/div>\r\n                    <div class=\"table-footer\">\r\n                        <a href=\"#\" class=\"thm-btn thm-tran-bg\">Purchase<\/a>\r\n                    <\/div>\r\n                <\/div>\r\n            <\/div>\r\n        <\/div>\r\n        <!--Start single price box-->\r\n                \r\n    <\/div>\r\n<\/div><br><br>\r\n<div class=\"outer row clearfix feedback\">\r\n    <div class=\"col-md-6 col-sm-12 col-xs-12\">\r\n        <div class=\"section-title\">\r\n            <h3>Best of Our Service<\/h3>\r\n            <span class=\"decor\"><\/span>\r\n        <\/div>\r\n        <div class=\"accordion-box style-2\">\r\n            \r\n                        <!--Start single accordion box-->\r\n            <div class=\"accordion animated out\" data-delay=\"0\" data-animation=\"fadeInUp\">\r\n                <div class=\"acc-btn active\">\r\n                    <p class=\"title\">Creatible Integrity<\/p>\r\n                    <div class=\"toggle-icon\">\r\n                        <span class=\"plus fa fa-arrow-circle-o-right\"><\/span><span class=\"minus fa fa-arrow-circle-o-down\"><\/span>\r\n                    <\/div>\r\n                <\/div>\r\n                <div class=\"acc-content collapsed\">\r\n                    <div class=\"text\"><p>The master-builders off human happiness no one rejects, ours avoids pleasure itself, because seds it is pleasure, but because those who do not know how to rationally.<\/p><\/div>\r\n                <\/div>\r\n            <\/div>\r\n                        <!--Start single accordion box-->\r\n            <div class=\"accordion animated out\" data-delay=\"0\" data-animation=\"fadeInUp\">\r\n                <div class=\"acc-btn\">\r\n                    <p class=\"title\">Creative Team Members<\/p>\r\n                    <div class=\"toggle-icon\">\r\n                        <span class=\"plus fa fa-arrow-circle-o-right\"><\/span><span class=\"minus fa fa-arrow-circle-o-down\"><\/span>\r\n                    <\/div>\r\n                <\/div>\r\n                <div class=\"acc-content\">\r\n                    <div class=\"text\"><p>The master-builders off human happiness no one rejects, ours avoids pleasure itself, because seds it is pleasure, but because those who do not know how to rationally.<\/p><\/div>\r\n                <\/div>\r\n            <\/div>\r\n                        <!--Start single accordion box-->\r\n            <div class=\"accordion animated out\" data-delay=\"0\" data-animation=\"fadeInUp\">\r\n                <div class=\"acc-btn\">\r\n                    <p class=\"title\">Better With Economically<\/p>\r\n                    <div class=\"toggle-icon\">\r\n                        <span class=\"plus fa fa-arrow-circle-o-right\"><\/span><span class=\"minus fa fa-arrow-circle-o-down\"><\/span>\r\n                    <\/div>\r\n                <\/div>\r\n                <div class=\"acc-content\">\r\n                    <div class=\"text\"><p>The master-builders off human happiness no one rejects, ours avoids pleasure itself, because seds it is pleasure, but because those who do not know how to rationally.<\/p><\/div>\r\n                <\/div>\r\n            <\/div>\r\n                        \r\n        <\/div>\r\n    <\/div>\r\n    \r\n    \t   \r\n\t    <div class=\"col-md-6 col-sm-12\">\r\n        <div class=\"section-title\">\r\n            <h3>Customer Feedback<\/h3>\r\n            <span class=\"decor\"><\/span>\r\n        <\/div>\r\n        <div class=\"feedback-carousel\">\r\n        \t\r\n                        <div class=\"item\">\r\n                <div class=\"text\">\r\n                    <p>Today we can tell you, thanks to your passion, hard work creativity, and expertise, you delivered us the most beautiful house ever! It&#39;s been a beautiful ride, there were ...<\/p>\r\n                <\/div>\r\n                \r\n                <div class=\"author-info\">\r\n                    <ul class=\"list-inline\">\r\n                        <li><img loading=\"lazy\" decoding=\"async\" width=\"60\" height=\"60\" src=\"https:\/\/gencyapimarket.com\/wp-content\/uploads\/2017\/01\/thumb1-60x60.png\" class=\"attachment-woodworks_60x60 size-woodworks_60x60 wp-post-image\" alt=\"\" srcset=\"https:\/\/gencyapimarket.com\/wp-content\/uploads\/2017\/01\/thumb1-60x60.png 60w, https:\/\/gencyapimarket.com\/wp-content\/uploads\/2017\/01\/thumb1-75x75.png 75w, https:\/\/gencyapimarket.com\/wp-content\/uploads\/2017\/01\/thumb1-70x70.png 70w, https:\/\/gencyapimarket.com\/wp-content\/uploads\/2017\/01\/thumb1.png 80w\" sizes=\"(max-width: 60px) 100vw, 60px\" \/><\/li>\r\n                        <li>\r\n                            <h2 class=\"author\">JOHN ZABRILLA<\/h2>\r\n                            <p class=\"author-title\">Newyourk city<\/p>\r\n                        <\/li>\r\n                    <\/ul>\r\n                <\/div>\r\n\r\n            <\/div>\r\n                        <div class=\"item\">\r\n                <div class=\"text\">\r\n                    <p>Gen\u00e7 Yap\u0131 Market is a place where I can find all kinds of construction materials at affordable prices. I&#39;ve been shopping for years, this structure gives confidence to the market. Being one of the well-established companies of Cyprus, the quality of the product ...<\/p>\r\n                <\/div>\r\n                \r\n                <div class=\"author-info\">\r\n                    <ul class=\"list-inline\">\r\n                        <li><img loading=\"lazy\" decoding=\"async\" width=\"60\" height=\"60\" src=\"https:\/\/gencyapimarket.com\/wp-content\/uploads\/2017\/01\/thumb1-60x60.png\" class=\"attachment-woodworks_60x60 size-woodworks_60x60 wp-post-image\" alt=\"\" srcset=\"https:\/\/gencyapimarket.com\/wp-content\/uploads\/2017\/01\/thumb1-60x60.png 60w, https:\/\/gencyapimarket.com\/wp-content\/uploads\/2017\/01\/thumb1-75x75.png 75w, https:\/\/gencyapimarket.com\/wp-content\/uploads\/2017\/01\/thumb1-70x70.png 70w, https:\/\/gencyapimarket.com\/wp-content\/uploads\/2017\/01\/thumb1.png 80w\" sizes=\"(max-width: 60px) 100vw, 60px\" \/><\/li>\r\n                        <li>\r\n                            <h2 class=\"author\">Example: Ahmet Arslan<\/h2>\r\n                            <p class=\"author-title\">Famagusta<\/p>\r\n                        <\/li>\r\n                    <\/ul>\r\n                <\/div>\r\n\r\n            <\/div>\r\n                        <div class=\"item\">\r\n                <div class=\"text\">\r\n                    <p>I am constantly shopping from Lefko\u015fa Gen\u00e7 Yap\u0131 Market. The staff&#39;s interest and attitude is just fine. Product diversity, more favorable prices and continuity from the market are the main reasons why I choose Gen\u00e7 Yap\u0131 Market.<\/p>\r\n                <\/div>\r\n                \r\n                <div class=\"author-info\">\r\n                    <ul class=\"list-inline\">\r\n                        <li><\/li>\r\n                        <li>\r\n                            <h2 class=\"author\">Contact Serkan directly<\/h2>\r\n                            <p class=\"author-title\">Nicosia<\/p>\r\n                        <\/li>\r\n                    <\/ul>\r\n                <\/div>\r\n\r\n            <\/div>\r\n                        \r\n        <\/div>\r\n    <\/div>\r\n    \t    \r\n<\/div>\r\n<\/div><\/div><\/div><\/div><\/section><section class=\"kc-elm kc-css-382247 kc_row\"><div class=\"kc-row-container\"><div class=\"kc-wrap-columns\"><div class=\"kc-elm kc-css-517361 kc_col-sm-12 kc_column kc_col-sm-12\"><div class=\"kc-col-container\"><div class=\"call-out-action\">\r\n\t<div class=\"container\">\r\n\t\t<div class=\"row\">\r\n\t\t\t<div class=\"col-md-9 col-sm-12\">\r\n\t\t\t\t<h4>You can book a call for any carpenter<\/h4>\r\n\t\t\t<\/div>\r\n\t\t\t<div class=\"col-md-3 col-sm-12\">\r\n\t\t\t\t<div class=\"link_btn\">\r\n\t\t\t\t\t<a href=\"#\" class=\"thm-btn thm-tran-bg\">Request Call Back<\/a>\r\n\t\t\t\t<\/div>\r\n\t\t\t<\/div>\r\n\t\t<\/div>\r\n\t<\/div>\r\n<\/div><\/div><\/div><\/div><\/div><\/section><\/p>","protected":false},"excerpt":{"rendered":"","protected":false},"author":1,"featured_media":0,"parent":0,"menu_order":0,"comment_status":"closed","ping_status":"closed","template":"tpl-king_composer.php","meta":{"footnotes":""},"_links":{"self":[{"href":"https:\/\/gencyapimarket.com\/en\/wp-json\/wp\/v2\/pages\/271"}],"collection":[{"href":"https:\/\/gencyapimarket.com\/en\/wp-json\/wp\/v2\/pages"}],"about":[{"href":"https:\/\/gencyapimarket.com\/en\/wp-json\/wp\/v2\/types\/page"}],"author":[{"embeddable":true,"href":"https:\/\/gencyapimarket.com\/en\/wp-json\/wp\/v2\/users\/1"}],"replies":[{"embeddable":true,"href":"https:\/\/gencyapimarket.com\/en\/wp-json\/wp\/v2\/comments?post=271"}],"version-history":[{"count":0,"href":"https:\/\/gencyapimarket.com\/en\/wp-json\/wp\/v2\/pages\/271\/revisions"}],"wp:attachment":[{"href":"https:\/\/gencyapimarket.com\/en\/wp-json\/wp\/v2\/media?parent=271"}],"curies":[{"name":"wp","href":"https:\/\/api.w.org\/{rel}","templated":true}]}}