{"id":274,"date":"2017-01-18T07:22:39","date_gmt":"2017-01-18T07:22:39","guid":{"rendered":"http:\/\/wp1.themexlab.com\/newwp\/woodworks\/?page_id=274"},"modified":"2019-09-11T22:29:42","modified_gmt":"2019-09-11T19:29:42","slug":"testimonials","status":"publish","type":"page","link":"https:\/\/gencyapimarket.com\/en\/testimonials\/","title":{"rendered":"CUSTOMER COMMENTS"},"content":{"rendered":"<section class=\"kc-elm kc-css-67846 kc_row\"><div class=\"kc-row-container  kc-container\"><div class=\"kc-wrap-columns\"><div class=\"kc-elm kc-css-257393 kc_col-sm-12 kc_column kc_col-sm-12\"><div class=\"kc-col-container\">   \r\n\r\n<section class=\"our-team style-2\">\r\n\t<div class=\"container\">\t\r\n\t\t<div class=\"row\">\r\n\t\t\t\r\n            \t\t\t<div class=\"col-md-3 col-sm-4 col-xs-6\">\r\n\t\t\t\t<div class=\"single-team-member\">\r\n\t\t\t\t\t<figure class=\"img-box\">\r\n\t\t\t\t\t\t<img loading=\"lazy\" decoding=\"async\" width=\"80\" height=\"80\" src=\"https:\/\/gencyapimarket.com\/wp-content\/uploads\/2017\/01\/thumb1.png\" class=\"attachment-woodworks_270x170 size-woodworks_270x170 wp-post-image\" alt=\"\" srcset=\"https:\/\/gencyapimarket.com\/wp-content\/uploads\/2017\/01\/thumb1.png 80w, https:\/\/gencyapimarket.com\/wp-content\/uploads\/2017\/01\/thumb1-75x75.png 75w, https:\/\/gencyapimarket.com\/wp-content\/uploads\/2017\/01\/thumb1-60x60.png 60w, https:\/\/gencyapimarket.com\/wp-content\/uploads\/2017\/01\/thumb1-70x70.png 70w\" sizes=\"(max-width: 80px) 100vw, 80px\" \/>\t\t\t\t\t<\/figure>\r\n\t\t\t\t\t<div class=\"content\">\r\n\t\t\t\t\t\t<div class=\"quote\"><i class=\"flaticon-left\"><\/i><\/div>\r\n\t\t\t\t\t\t<div class=\"text\"><p>Today we can tell you, thanks to your passion, hard work creativity, and expertise, you delivered us the most beautiful house ever! ...<\/p><\/div>\r\n\t\t\t\t\t\t<h4>JOHN ZABRILLA, <\/h4>\r\n\t\t\t\t\t\t<p class=\"author-title\">Newyourk city<\/p>\r\n\t\t\t\t\t<\/div>\r\n\t\t\t\t<\/div>\r\n\t\t\t<\/div>\r\n\t\t\t\t\t\t<div class=\"col-md-3 col-sm-4 col-xs-6\">\r\n\t\t\t\t<div class=\"single-team-member\">\r\n\t\t\t\t\t<figure class=\"img-box\">\r\n\t\t\t\t\t\t<img loading=\"lazy\" decoding=\"async\" width=\"80\" height=\"80\" src=\"https:\/\/gencyapimarket.com\/wp-content\/uploads\/2017\/01\/thumb1.png\" class=\"attachment-woodworks_270x170 size-woodworks_270x170 wp-post-image\" alt=\"\" srcset=\"https:\/\/gencyapimarket.com\/wp-content\/uploads\/2017\/01\/thumb1.png 80w, https:\/\/gencyapimarket.com\/wp-content\/uploads\/2017\/01\/thumb1-75x75.png 75w, https:\/\/gencyapimarket.com\/wp-content\/uploads\/2017\/01\/thumb1-60x60.png 60w, https:\/\/gencyapimarket.com\/wp-content\/uploads\/2017\/01\/thumb1-70x70.png 70w\" sizes=\"(max-width: 80px) 100vw, 80px\" \/>\t\t\t\t\t<\/figure>\r\n\t\t\t\t\t<div class=\"content\">\r\n\t\t\t\t\t\t<div class=\"quote\"><i class=\"flaticon-left\"><\/i><\/div>\r\n\t\t\t\t\t\t<div class=\"text\"><p>Gen\u00e7 Yap\u0131 Market is a place where I can find all kinds of construction materials at affordable prices. I&#39;ve been shopping for years, this structure gives confidence to the market. ...<\/p><\/div>\r\n\t\t\t\t\t\t<h4>Ahmet Arslan, <\/h4>\r\n\t\t\t\t\t\t<p class=\"author-title\">Famagusta<\/p>\r\n\t\t\t\t\t<\/div>\r\n\t\t\t\t<\/div>\r\n\t\t\t<\/div>\r\n\t\t\t\t\t\t<div class=\"col-md-3 col-sm-4 col-xs-6\">\r\n\t\t\t\t<div class=\"single-team-member\">\r\n\t\t\t\t\t<figure class=\"img-box\">\r\n\t\t\t\t\t\t\t\t\t\t\t<\/figure>\r\n\t\t\t\t\t<div class=\"content\">\r\n\t\t\t\t\t\t<div class=\"quote\"><i class=\"flaticon-left\"><\/i><\/div>\r\n\t\t\t\t\t\t<div class=\"text\"><p>I am constantly shopping from Lefko\u015fa Gen\u00e7 Yap\u0131 Market. The staff&#39;s interest and attitude is just fine. Variety of products, more favorable prices and continuity from the market Young ...<\/p><\/div>\r\n\t\t\t\t\t\t<h4>View Serkan&#39;s Full Profile <\/h4>\r\n\t\t\t\t\t\t<p class=\"author-title\">Nicosia<\/p>\r\n\t\t\t\t\t<\/div>\r\n\t\t\t\t<\/div>\r\n\t\t\t<\/div>\r\n\t\t\t            \r\n\t\t<\/div>\r\n\t<\/div>\r\n<\/section>\r\n\r\n<\/div><\/div><\/div><\/div><\/section>","protected":false},"excerpt":{"rendered":"","protected":false},"author":1,"featured_media":0,"parent":0,"menu_order":0,"comment_status":"closed","ping_status":"closed","template":"tpl-king_composer.php","meta":{"footnotes":""},"_links":{"self":[{"href":"https:\/\/gencyapimarket.com\/en\/wp-json\/wp\/v2\/pages\/274"}],"collection":[{"href":"https:\/\/gencyapimarket.com\/en\/wp-json\/wp\/v2\/pages"}],"about":[{"href":"https:\/\/gencyapimarket.com\/en\/wp-json\/wp\/v2\/types\/page"}],"author":[{"embeddable":true,"href":"https:\/\/gencyapimarket.com\/en\/wp-json\/wp\/v2\/users\/1"}],"replies":[{"embeddable":true,"href":"https:\/\/gencyapimarket.com\/en\/wp-json\/wp\/v2\/comments?post=274"}],"version-history":[{"count":2,"href":"https:\/\/gencyapimarket.com\/en\/wp-json\/wp\/v2\/pages\/274\/revisions"}],"predecessor-version":[{"id":1137,"href":"https:\/\/gencyapimarket.com\/en\/wp-json\/wp\/v2\/pages\/274\/revisions\/1137"}],"wp:attachment":[{"href":"https:\/\/gencyapimarket.com\/en\/wp-json\/wp\/v2\/media?parent=274"}],"curies":[{"name":"wp","href":"https:\/\/api.w.org\/{rel}","templated":true}]}}