{"id":297,"date":"2017-01-18T07:59:13","date_gmt":"2017-01-18T07:59:13","guid":{"rendered":"http:\/\/wp1.themexlab.com\/newwp\/woodworks\/?page_id=297"},"modified":"2019-10-21T23:23:56","modified_gmt":"2019-10-21T20:23:56","slug":"sss","status":"publish","type":"page","link":"https:\/\/gencyapimarket.com\/en\/sss\/","title":{"rendered":"S\u0131k\u00e7a sorulan sorular"},"content":{"rendered":"<section class=\"kc-elm kc-css-319622 kc_row\"><div class=\"kc-row-container  kc-container\"><div class=\"kc-wrap-columns\"><div class=\"kc-elm kc-css-909263 kc_col-sm-12 kc_column kc_col-sm-12\"><div class=\"kc-col-container\">   \r\n\r\n<section class=\"faq-section\">\r\n\t<div class=\"container\">\r\n\r\n\t\t<div class=\"row\">\r\n\t\t\t<div class=\"col-md-6 col-sm-12 col-xs-12\">\r\n\r\n\t\t\t\t<div class=\"accordion-box style-2\">\r\n                \t\t\t\t\t    <!--Start single accordion box-->\r\n\t\t\t\t    <div class=\"accordion animated out\" data-delay=\"0\" data-animation=\"fadeInUp\">\r\n\t\t\t\t        <div class=\"acc-btn\">\r\n\t\t\t\t            <p class=\"title\">\u00d6deme se\u00e7enekleri nelerdir?<\/p>\r\n\t\t\t\t            <div class=\"toggle-icon\">\r\n\t\t\t\t                <span class=\"plus fa fa-arrow-circle-o-right\"><\/span><span class=\"minus fa fa-arrow-circle-o-down\"><\/span>\r\n\t\t\t\t            <\/div>\r\n\t\t\t\t        <\/div>\r\n\t\t\t\t        <div class=\"acc-content\">\r\n\t\t\t\t            <div class=\"text\"><p>Ma\u011fazalar\u0131m\u0131zda nakit \u00f6deme yapabilece\u011finiz gibi kredi kart\u0131n\u0131z ile de \u00f6deme yapabilirsiniz.<\/p><\/div>\r\n\t\t\t\t        <\/div>\r\n\t\t\t\t    <\/div>\r\n                    \t\t\t\t    <!--Start single accordion box-->\r\n\t\t\t\t    <div class=\"accordion animated out\" data-delay=\"0\" data-animation=\"fadeInUp\">\r\n\t\t\t\t        <div class=\"acc-btn active\">\r\n\t\t\t\t            <p class=\"title\">Taksitli \u00f6deme se\u00e7enekleri var m\u0131?<\/p>\r\n\t\t\t\t            <div class=\"toggle-icon\">\r\n\t\t\t\t                <span class=\"plus fa fa-arrow-circle-o-right\"><\/span><span class=\"minus fa fa-arrow-circle-o-down\"><\/span>\r\n\t\t\t\t            <\/div>\r\n\t\t\t\t        <\/div>\r\n\t\t\t\t        <div class=\"acc-content collapsed\">\r\n\t\t\t\t            <div class=\"text\"><p>Gen\u00e7 Yap\u0131 Marketlerde anla\u015fmal\u0131 kredi kart\u0131 sahipleri taksitli \u00f6deme se\u00e7eneklerinden faydalanabilir.<\/p><\/div>\r\n\t\t\t\t        <\/div>\r\n\t\t\t\t    <\/div>\r\n                    \t\t\t\t    <!--Start single accordion box-->\r\n\t\t\t\t    <div class=\"accordion animated out\" data-delay=\"0\" data-animation=\"fadeInUp\">\r\n\t\t\t\t        <div class=\"acc-btn\">\r\n\t\t\t\t            <p class=\"title\">\u00dcye olmadan al\u0131\u015fveri\u015f yap\u0131labilir mi?<\/p>\r\n\t\t\t\t            <div class=\"toggle-icon\">\r\n\t\t\t\t                <span class=\"plus fa fa-arrow-circle-o-right\"><\/span><span class=\"minus fa fa-arrow-circle-o-down\"><\/span>\r\n\t\t\t\t            <\/div>\r\n\t\t\t\t        <\/div>\r\n\t\t\t\t        <div class=\"acc-content\">\r\n\t\t\t\t            <div class=\"text\"><p>e-Ma\u011fazam\u0131zda \u00fcye olmadan al\u0131\u015fveri\u015f yapabilirsiniz.<\/p><\/div>\r\n\t\t\t\t        <\/div>\r\n\t\t\t\t    <\/div>\r\n                    \t\t\t\t    <!--Start single accordion box-->\r\n\t\t\t\t    <div class=\"accordion animated out\" data-delay=\"0\" data-animation=\"fadeInUp\">\r\n\t\t\t\t        <div class=\"acc-btn\">\r\n\t\t\t\t            <p class=\"title\">Sipari\u015fimin size ula\u015f\u0131p ula\u015fmad\u0131\u011f\u0131n\u0131 nas\u0131l anlar\u0131m?<\/p>\r\n\t\t\t\t            <div class=\"toggle-icon\">\r\n\t\t\t\t                <span class=\"plus fa fa-arrow-circle-o-right\"><\/span><span class=\"minus fa fa-arrow-circle-o-down\"><\/span>\r\n\t\t\t\t            <\/div>\r\n\t\t\t\t        <\/div>\r\n\t\t\t\t        <div class=\"acc-content\">\r\n\t\t\t\t            <div class=\"text\"><p> Sipari\u015flerinizden en ge\u00e7 bir sonraki i\u015f g\u00fcn\u00fc sat\u0131\u015f temsilcilerimiz sizi arayacakt\u0131r.<\/p><\/div>\r\n\t\t\t\t        <\/div>\r\n\t\t\t\t    <\/div>\r\n                    \t\t\t\t    <!--Start single accordion box-->\r\n\t\t\t\t    <div class=\"accordion animated out\" data-delay=\"0\" data-animation=\"fadeInUp\">\r\n\t\t\t\t        <div class=\"acc-btn\">\r\n\t\t\t\t            <p class=\"title\">Al\u0131\u015fveri\u015f yapmak i\u00e7in kredi kart\u0131 bilgilerimi girmek zorunda m\u0131y\u0131m?<\/p>\r\n\t\t\t\t            <div class=\"toggle-icon\">\r\n\t\t\t\t                <span class=\"plus fa fa-arrow-circle-o-right\"><\/span><span class=\"minus fa fa-arrow-circle-o-down\"><\/span>\r\n\t\t\t\t            <\/div>\r\n\t\t\t\t        <\/div>\r\n\t\t\t\t        <div class=\"acc-content\">\r\n\t\t\t\t            <div class=\"text\"><p>Al\u0131\u015fveri\u015f yaparken kredi kart\u0131 bilginizi vermeniz gerekmemektedir.<\/p><\/div>\r\n\t\t\t\t        <\/div>\r\n\t\t\t\t    <\/div>\r\n                    \t\t\t\t    <!--Start single accordion box-->\r\n\t\t\t\t    <div class=\"accordion animated out\" data-delay=\"0\" data-animation=\"fadeInUp\">\r\n\t\t\t\t        <div class=\"acc-btn\">\r\n\t\t\t\t            <p class=\"title\">Gen\u00e7 Yap\u0131 Market ma\u011fazas\u0131 nerede?<\/p>\r\n\t\t\t\t            <div class=\"toggle-icon\">\r\n\t\t\t\t                <span class=\"plus fa fa-arrow-circle-o-right\"><\/span><span class=\"minus fa fa-arrow-circle-o-down\"><\/span>\r\n\t\t\t\t            <\/div>\r\n\t\t\t\t        <\/div>\r\n\t\t\t\t        <div class=\"acc-content\">\r\n\t\t\t\t            <div class=\"text\"><p>Gazima\u011fusa, Lefko\u015fa ve Girne\u2019de yap\u0131 marketlerimiz bulunmaktad\u0131r.<\/p><\/div>\r\n\t\t\t\t        <\/div>\r\n\t\t\t\t    <\/div>\r\n                    \t\t\t\t    <!--Start single accordion box-->\r\n\t\t\t\t    <div class=\"accordion animated out\" data-delay=\"0\" data-animation=\"fadeInUp\">\r\n\t\t\t\t        <div class=\"acc-btn\">\r\n\t\t\t\t            <p class=\"title\">Online sipari\u015flerde teslimat ne kadar s\u00fcrede ger\u00e7ekle\u015fiyor?<\/p>\r\n\t\t\t\t            <div class=\"toggle-icon\">\r\n\t\t\t\t                <span class=\"plus fa fa-arrow-circle-o-right\"><\/span><span class=\"minus fa fa-arrow-circle-o-down\"><\/span>\r\n\t\t\t\t            <\/div>\r\n\t\t\t\t        <\/div>\r\n\t\t\t\t        <div class=\"acc-content\">\r\n\t\t\t\t            <div class=\"text\"><p>Teslimatlar 3 i\u015f g\u00fcn\u00fcnde ger\u00e7ekle\u015ftirilir.<\/p><\/div>\r\n\t\t\t\t        <\/div>\r\n\t\t\t\t    <\/div>\r\n                    \t\t\t\t    <!--Start single accordion box-->\r\n\t\t\t\t    <div class=\"accordion animated out\" data-delay=\"0\" data-animation=\"fadeInUp\">\r\n\t\t\t\t        <div class=\"acc-btn\">\r\n\t\t\t\t            <p class=\"title\">Ma\u011fazalardaki fiyatlar\u0131n\u0131z ile online ma\u011faza fiyatlar\u0131 farkl\u0131 m\u0131?<\/p>\r\n\t\t\t\t            <div class=\"toggle-icon\">\r\n\t\t\t\t                <span class=\"plus fa fa-arrow-circle-o-right\"><\/span><span class=\"minus fa fa-arrow-circle-o-down\"><\/span>\r\n\t\t\t\t            <\/div>\r\n\t\t\t\t        <\/div>\r\n\t\t\t\t        <div class=\"acc-content\">\r\n\t\t\t\t            <div class=\"text\"><p>Gen\u00e7 Yap\u0131 Marketlerdeki fiyatlar ile online ma\u011fazadaki fiyatlar\u0131m\u0131z ayn\u0131d\u0131r.<\/p><\/div>\r\n\t\t\t\t        <\/div>\r\n\t\t\t\t    <\/div>\r\n                    \t\t\t\t<\/div>\r\n\t\t\t<\/div>\r\n            \r\n\t\t\t<div class=\"col-md-6 col-sm-12 col-xs-12 contact-section-bg\">\r\n\t\t\t\t<div class=\"contact-section no-padd style-2\">\r\n\r\n\t\t\t\t\t<div class=\"form-box default-form\">\r\n\t\t\t\t\t\t<div class=\"title\">\r\n\t\t\t\t\t\t\t<h3>Ask Us<\/h3>\r\n\t\t\t\t\t\t<\/div>\r\n                        <div class=\"default-form\">\r\n                            <div role=\"form\" class=\"wpcf7\" id=\"wpcf7-f3220-o1\" lang=\"en-US\" dir=\"ltr\">\n<div class=\"screen-reader-response\" role=\"alert\" aria-live=\"polite\"><\/div>\n<form action=\"\/en\/wp-json\/wp\/v2\/pages\/297#wpcf7-f3220-o1\" method=\"post\" class=\"wpcf7-form init\" novalidate=\"novalidate\" data-trp-original-action=\"\/en\/wp-json\/wp\/v2\/pages\/297#wpcf7-f3220-o1\">\n<div style=\"display: none;\">\n<input type=\"hidden\" name=\"_wpcf7\" value=\"3220\" \/>\n<input type=\"hidden\" name=\"_wpcf7_version\" value=\"5.2.2\" \/>\n<input type=\"hidden\" name=\"_wpcf7_locale\" value=\"en_US\" \/>\n<input type=\"hidden\" name=\"_wpcf7_unit_tag\" value=\"wpcf7-f3220-o1\" \/>\n<input type=\"hidden\" name=\"_wpcf7_container_post\" value=\"0\" \/>\n<input type=\"hidden\" name=\"_wpcf7_posted_data_hash\" value=\"\" \/>\n<\/div>\n<div class=\"row\">\n<div class=\"form-group col-md-12 col-sm-12 col-xs-12\"><span class=\"wpcf7-form-control-wrap your-name\"><input type=\"text\" name=\"your-name\" value=\"\" size=\"40\" class=\"wpcf7-form-control wpcf7-text wpcf7-validates-as-required\" aria-required=\"true\" aria-invalid=\"false\" placeholder=\"Name*\" \/><\/span><\/div>\n<div class=\"form-group col-md-12 col-sm-12 col-xs-12\"><span class=\"wpcf7-form-control-wrap your-email\"><input type=\"email\" name=\"your-email\" value=\"\" size=\"40\" class=\"wpcf7-form-control wpcf7-text wpcf7-email wpcf7-validates-as-required wpcf7-validates-as-email\" aria-required=\"true\" aria-invalid=\"false\" placeholder=\"Email*\" \/><\/span><\/div>\n<div class=\"form-group col-md-12 col-sm-12 col-xs-12\"><span class=\"wpcf7-form-control-wrap your-subject\"><input type=\"text\" name=\"your-subject\" value=\"\" size=\"40\" class=\"wpcf7-form-control wpcf7-text\" aria-invalid=\"false\" placeholder=\"topic\" \/><\/span><\/div>\n<div class=\"form-group col-md-12 col-sm-12 col-xs-12\"><span class=\"wpcf7-form-control-wrap your-message\"><textarea name=\"your-message\" cols=\"40\" rows=\"10\" class=\"wpcf7-form-control wpcf7-textarea\" aria-invalid=\"false\" placeholder=\"Your question ....\"><\/textarea><\/span><\/div>\n<div class=\"form-group col-md-6 col-sm-6 col-xs-12\"><input type=\"submit\" value=\"Submit\" class=\"wpcf7-form-control wpcf7-submit thm-btn thm-tran-bg\" \/><\/div>\n<\/div>\n<input type='hidden' class='wpcf7-pum' value='{\"closepopup\":false,\"closedelay\":0,\"openpopup\":false,\"openpopup_id\":0}' \/><div class=\"wpcf7-response-output\" role=\"alert\" aria-hidden=\"true\"><\/div><input type=\"hidden\" name=\"trp-form-language\" value=\"en\"\/><\/form><\/div>                        <\/div>\r\n                    <\/div>\r\n\t\t\t\t<\/div>\r\n\t\t\t<\/div>\r\n\t\t<\/div>\r\n\t\t\t\r\n\t<\/div>\r\n<\/section>\r\n\r\n<\/div><\/div><\/div><\/div><\/section>","protected":false},"excerpt":{"rendered":"","protected":false},"author":1,"featured_media":0,"parent":0,"menu_order":0,"comment_status":"closed","ping_status":"closed","template":"tpl-king_composer.php","meta":{"footnotes":""},"_links":{"self":[{"href":"https:\/\/gencyapimarket.com\/en\/wp-json\/wp\/v2\/pages\/297"}],"collection":[{"href":"https:\/\/gencyapimarket.com\/en\/wp-json\/wp\/v2\/pages"}],"about":[{"href":"https:\/\/gencyapimarket.com\/en\/wp-json\/wp\/v2\/types\/page"}],"author":[{"embeddable":true,"href":"https:\/\/gencyapimarket.com\/en\/wp-json\/wp\/v2\/users\/1"}],"replies":[{"embeddable":true,"href":"https:\/\/gencyapimarket.com\/en\/wp-json\/wp\/v2\/comments?post=297"}],"version-history":[{"count":4,"href":"https:\/\/gencyapimarket.com\/en\/wp-json\/wp\/v2\/pages\/297\/revisions"}],"predecessor-version":[{"id":3221,"href":"https:\/\/gencyapimarket.com\/en\/wp-json\/wp\/v2\/pages\/297\/revisions\/3221"}],"wp:attachment":[{"href":"https:\/\/gencyapimarket.com\/en\/wp-json\/wp\/v2\/media?parent=297"}],"curies":[{"name":"wp","href":"https:\/\/api.w.org\/{rel}","templated":true}]}}