{"id":486,"date":"2017-01-21T07:15:43","date_gmt":"2017-01-21T04:15:43","guid":{"rendered":"http:\/\/wp1.themexlab.com\/newwp\/woodworks\/?page_id=481"},"modified":"2019-09-30T23:45:51","modified_gmt":"2019-09-30T20:45:51","slug":"girne-genc-yapi-market","status":"publish","type":"page","link":"https:\/\/gencyapimarket.com\/en\/girne-genc-yapi-market\/","title":{"rendered":"Kyrenia Young DIY Market"},"content":{"rendered":"<p><section class=\"kc-elm kc-css-476823 kc_row news-content section-padding single-service-page our-features in-wrapper no-container\"><div class=\"kc-row-container  kc-container\"><div class=\"kc-wrap-columns\"><div class=\"kc-elm kc-css-318589 kc_col-sm-3 kc_column kc_col-sm-3\"><div class=\"kc-col-container\"><div class=\"kc-elm kc-css-706211 widget-area kc-wp-sidebar\"><div id=\"bunch_brochures-2\" class=\"side-bar widget sidebar_widget widget_bunch_brochures\">      \t\t\r\n            <!--Our Brochures-->\r\n            <div class=\"brochures\">\r\n            \t<div class=\"section-title inner\"><h4><\/h4><span class=\"decor\"><\/span><\/div>                <ul class=\"brochures-lists\">\r\n                    <li><a href=\"#\"><span>PDF<\/span>Our Brouchure.pdf<i class=\"fa fa-download\"><\/i><\/a><\/li>\r\n                    <li><a href=\"\"><span>PDF<\/span>Our Brouchure.txt<i class=\"fa fa-download\"><\/i><\/a><\/li>\r\n                <\/ul>\r\n            <\/div>\r\n            \r\n\t\t<\/div><div id=\"text-3\" class=\"side-bar widget sidebar_widget widget_text\">\t\t\t<div class=\"textwidget\"><\/div>\n\t\t<\/div><\/div><\/div><\/div><div class=\"kc-elm kc-css-945529 kc_col-sm-9 kc_column kc_col-sm-9\"><div class=\"kc-col-container\"><div class=\"outer row-5 clearfix\">\r\n    <div class=\"img-box pull-left pw-5 pb-10\">\r\n        <img decoding=\"async\" src=\"https:\/\/gencyapimarket.com\/wp-content\/uploads\/2019\/09\/girne-1024x588.jpg\" alt=\"image\">\r\n    <\/div>\r\n    <div class=\"img-box pull-left pw-5 pb-10\">\r\n        <img decoding=\"async\" src=\"https:\/\/gencyapimarket.com\/wp-content\/uploads\/2017\/01\/magusa-300x144.jpg\" alt=\"image\">\r\n    <\/div>\r\n    <div class=\"img-box pull-left pw-5 pb-10\">\r\n        <img decoding=\"async\" src=\"https:\/\/gencyapimarket.com\/wp-content\/uploads\/2017\/01\/lef-150x150.jpg\" alt=\"image\">\r\n    <\/div>\r\n<\/div>\r\n<br>\r\n\r\n<div class=\"outer\">\r\n    <div class=\"section-title\">\r\n        <h3>Genc Yapi Market<\/h3>\r\n        <span class=\"decor\"><\/span>\r\n    <\/div>\r\n    <div class=\"text-box\">\r\n        <div class=\"text\">\r\n            <p>In our stores that offer a comfortable shopping environment with modern design, 20.000 products that you can supply all the needs of your workplace and home at an affordable price are offered to our customers. With our technical service department, we provide after-sale service of the machines sold.<\/p>\r\n<br>\r\n<p>With its professional and friendly staff, reliability, honesty, sincerity, continuous innovation and development are our basic principles. EVERYTHING you are looking for in your home, garden and workshop in the most established building market chain of Northern Cyprus is in Gen\u00e7 Yap\u0131 Market.<\/p>        <\/div>\r\n    <\/div>\r\n<\/div>\r\n<br>\r\n<br><div class=\"outer\">\r\n    <div class=\"section-title\">\r\n        <h3>Price &amp; Plan<\/h3>\r\n        <span class=\"decor\"><\/span>\r\n    <\/div>\r\n    <div class=\"row\">\r\n    \r\n    \t        <!--Start single price box-->\r\n        <div class=\"col-lg-4 col-md-4 col-sm-6 col-xs-12 text-center\">\r\n            <div class=\"single-price-box\">\r\n                <div class=\"table-header\">\r\n                    <h3>Basic<\/h3>\r\n                <\/div>\r\n                <div class=\"content\">\r\n                    <div class=\"price\">\r\n                        <h1><sub>$ <\/sub>49<sub> \/B.C<\/sub><\/h1>\r\n                    <\/div>\r\n                    <div class=\"price-list\">\r\n                        <ul>\r\n                        \t\t\t\t\t\t\t\t<li>Billed anualy or $59 for every month<\/li>\r\n\t\t\t\t\t\t\t                        <\/ul>\r\n                    <\/div>\r\n                    <div class=\"table-footer\">\r\n                        <a href=\"#\" class=\"thm-btn thm-tran-bg\">Purchase<\/a>\r\n                    <\/div>\r\n                <\/div>\r\n            <\/div>\r\n        <\/div>\r\n        <!--Start single price box-->\r\n                <!--Start single price box-->\r\n        <div class=\"col-lg-4 col-md-4 col-sm-6 col-xs-12 text-center\">\r\n            <div class=\"single-price-box\">\r\n                <div class=\"table-header\">\r\n                    <h3>Special<\/h3>\r\n                <\/div>\r\n                <div class=\"content\">\r\n                    <div class=\"price\">\r\n                        <h1><sub>$ <\/sub>79<sub> \/B.C<\/sub><\/h1>\r\n                    <\/div>\r\n                    <div class=\"price-list\">\r\n                        <ul>\r\n                        \t\t\t\t\t\t\t\t<li>Billed anualy or $59 for every month<\/li>\r\n\t\t\t\t\t\t\t                        <\/ul>\r\n                    <\/div>\r\n                    <div class=\"table-footer\">\r\n                        <a href=\"#\" class=\"thm-btn thm-tran-bg\">Purchase<\/a>\r\n                    <\/div>\r\n                <\/div>\r\n            <\/div>\r\n        <\/div>\r\n        <!--Start single price box-->\r\n                <!--Start single price box-->\r\n        <div class=\"col-lg-4 col-md-4 col-sm-6 col-xs-12 text-center\">\r\n            <div class=\"single-price-box\">\r\n                <div class=\"table-header\">\r\n                    <h3>Premium<\/h3>\r\n                <\/div>\r\n                <div class=\"content\">\r\n                    <div class=\"price\">\r\n                        <h1><sub>$ <\/sub>99<sub> \/B.C<\/sub><\/h1>\r\n                    <\/div>\r\n                    <div class=\"price-list\">\r\n                        <ul>\r\n                        \t\t\t\t\t\t\t\t<li>Billed anualy or $59 for every month<\/li>\r\n\t\t\t\t\t\t\t                        <\/ul>\r\n                    <\/div>\r\n                    <div class=\"table-footer\">\r\n                        <a href=\"#\" class=\"thm-btn thm-tran-bg\">Purchase<\/a>\r\n                    <\/div>\r\n                <\/div>\r\n            <\/div>\r\n        <\/div>\r\n        <!--Start single price box-->\r\n                \r\n    <\/div>\r\n<\/div><br><br>\r\n<div class=\"outer row clearfix feedback\">\r\n    <div class=\"col-md-6 col-sm-12 col-xs-12\">\r\n        <div class=\"section-title\">\r\n            <h3>Best of Our Service<\/h3>\r\n            <span class=\"decor\"><\/span>\r\n        <\/div>\r\n        <div class=\"accordion-box style-2\">\r\n            \r\n                        <!--Start single accordion box-->\r\n            <div class=\"accordion animated out\" data-delay=\"0\" data-animation=\"fadeInUp\">\r\n                <div class=\"acc-btn active\">\r\n                    <p class=\"title\">Creatible Integrity<\/p>\r\n                    <div class=\"toggle-icon\">\r\n                        <span class=\"plus fa fa-arrow-circle-o-right\"><\/span><span class=\"minus fa fa-arrow-circle-o-down\"><\/span>\r\n                    <\/div>\r\n                <\/div>\r\n                <div class=\"acc-content collapsed\">\r\n                    <div class=\"text\"><p>The master-builders off human happiness no one rejects, ours avoids pleasure itself, because seds it is pleasure, but because those who do not know how to rationally.<\/p><\/div>\r\n                <\/div>\r\n            <\/div>\r\n                        <!--Start single accordion box-->\r\n            <div class=\"accordion animated out\" data-delay=\"0\" data-animation=\"fadeInUp\">\r\n                <div class=\"acc-btn\">\r\n                    <p class=\"title\">Creative Team Members<\/p>\r\n                    <div class=\"toggle-icon\">\r\n                        <span class=\"plus fa fa-arrow-circle-o-right\"><\/span><span class=\"minus fa fa-arrow-circle-o-down\"><\/span>\r\n                    <\/div>\r\n                <\/div>\r\n                <div class=\"acc-content\">\r\n                    <div class=\"text\"><p>The master-builders off human happiness no one rejects, ours avoids pleasure itself, because seds it is pleasure, but because those who do not know how to rationally.<\/p><\/div>\r\n                <\/div>\r\n            <\/div>\r\n                        <!--Start single accordion box-->\r\n            <div class=\"accordion animated out\" data-delay=\"0\" data-animation=\"fadeInUp\">\r\n                <div class=\"acc-btn\">\r\n                    <p class=\"title\">Better With Economically<\/p>\r\n                    <div class=\"toggle-icon\">\r\n                        <span class=\"plus fa fa-arrow-circle-o-right\"><\/span><span class=\"minus fa fa-arrow-circle-o-down\"><\/span>\r\n                    <\/div>\r\n                <\/div>\r\n                <div class=\"acc-content\">\r\n                    <div class=\"text\"><p>The master-builders off human happiness no one rejects, ours avoids pleasure itself, because seds it is pleasure, but because those who do not know how to rationally.<\/p><\/div>\r\n                <\/div>\r\n            <\/div>\r\n                        \r\n        <\/div>\r\n    <\/div>\r\n    \r\n    \t   \r\n\t    <div class=\"col-md-6 col-sm-12\">\r\n        <div class=\"section-title\">\r\n            <h3>Customer Feedback<\/h3>\r\n            <span class=\"decor\"><\/span>\r\n        <\/div>\r\n        <div class=\"feedback-carousel\">\r\n        \t\r\n                        <div class=\"item\">\r\n                <div class=\"text\">\r\n                    <p>Today we can tell you, thanks to your passion, hard work creativity, and expertise, you delivered us the most beautiful house ever! It&#39;s been a beautiful ride, there were ...<\/p>\r\n                <\/div>\r\n                \r\n                <div class=\"author-info\">\r\n                    <ul class=\"list-inline\">\r\n                        <li><img loading=\"lazy\" decoding=\"async\" width=\"60\" height=\"60\" src=\"https:\/\/gencyapimarket.com\/wp-content\/uploads\/2017\/01\/thumb1-60x60.png\" class=\"attachment-woodworks_60x60 size-woodworks_60x60 wp-post-image\" alt=\"\" srcset=\"https:\/\/gencyapimarket.com\/wp-content\/uploads\/2017\/01\/thumb1-60x60.png 60w, https:\/\/gencyapimarket.com\/wp-content\/uploads\/2017\/01\/thumb1-75x75.png 75w, https:\/\/gencyapimarket.com\/wp-content\/uploads\/2017\/01\/thumb1-70x70.png 70w, https:\/\/gencyapimarket.com\/wp-content\/uploads\/2017\/01\/thumb1.png 80w\" sizes=\"(max-width: 60px) 100vw, 60px\" \/><\/li>\r\n                        <li>\r\n                            <h2 class=\"author\">JOHN ZABRILLA<\/h2>\r\n                            <p class=\"author-title\">Newyourk city<\/p>\r\n                        <\/li>\r\n                    <\/ul>\r\n                <\/div>\r\n\r\n            <\/div>\r\n                        <div class=\"item\">\r\n                <div class=\"text\">\r\n                    <p>Gen\u00e7 Yap\u0131 Market is a place where I can find all kinds of construction materials at affordable prices. I&#39;ve been shopping for years, this structure gives confidence to the market. Being one of the well-established companies of Cyprus, the quality of the product ...<\/p>\r\n                <\/div>\r\n                \r\n                <div class=\"author-info\">\r\n                    <ul class=\"list-inline\">\r\n                        <li><img loading=\"lazy\" decoding=\"async\" width=\"60\" height=\"60\" src=\"https:\/\/gencyapimarket.com\/wp-content\/uploads\/2017\/01\/thumb1-60x60.png\" class=\"attachment-woodworks_60x60 size-woodworks_60x60 wp-post-image\" alt=\"\" srcset=\"https:\/\/gencyapimarket.com\/wp-content\/uploads\/2017\/01\/thumb1-60x60.png 60w, https:\/\/gencyapimarket.com\/wp-content\/uploads\/2017\/01\/thumb1-75x75.png 75w, https:\/\/gencyapimarket.com\/wp-content\/uploads\/2017\/01\/thumb1-70x70.png 70w, https:\/\/gencyapimarket.com\/wp-content\/uploads\/2017\/01\/thumb1.png 80w\" sizes=\"(max-width: 60px) 100vw, 60px\" \/><\/li>\r\n                        <li>\r\n                            <h2 class=\"author\">Example: Ahmet Arslan<\/h2>\r\n                            <p class=\"author-title\">Famagusta<\/p>\r\n                        <\/li>\r\n                    <\/ul>\r\n                <\/div>\r\n\r\n            <\/div>\r\n                        <div class=\"item\">\r\n                <div class=\"text\">\r\n                    <p>I am constantly shopping from Lefko\u015fa Gen\u00e7 Yap\u0131 Market. The staff&#39;s interest and attitude is just fine. Product diversity, more favorable prices and continuity from the market are the main reasons why I choose Gen\u00e7 Yap\u0131 Market.<\/p>\r\n                <\/div>\r\n                \r\n                <div class=\"author-info\">\r\n                    <ul class=\"list-inline\">\r\n                        <li><\/li>\r\n                        <li>\r\n                            <h2 class=\"author\">Contact Serkan directly<\/h2>\r\n                            <p class=\"author-title\">Nicosia<\/p>\r\n                        <\/li>\r\n                    <\/ul>\r\n                <\/div>\r\n\r\n            <\/div>\r\n                        \r\n        <\/div>\r\n    <\/div>\r\n    \t    \r\n<\/div>\r\n<\/div><\/div><\/div><\/div><\/section><section class=\"kc-elm kc-css-44953 kc_row\"><div class=\"kc-row-container\"><div class=\"kc-wrap-columns\"><div class=\"kc-elm kc-css-740196 kc_col-sm-12 kc_column kc_col-sm-12\"><div class=\"kc-col-container\"><div class=\"call-out-action\">\r\n\t<div class=\"container\">\r\n\t\t<div class=\"row\">\r\n\t\t\t<div class=\"col-md-9 col-sm-12\">\r\n\t\t\t\t<h4>You can book a call for any carpenter<\/h4>\r\n\t\t\t<\/div>\r\n\t\t\t<div class=\"col-md-3 col-sm-12\">\r\n\t\t\t\t<div class=\"link_btn\">\r\n\t\t\t\t\t<a href=\"#\" class=\"thm-btn thm-tran-bg\">Request Call Back<\/a>\r\n\t\t\t\t<\/div>\r\n\t\t\t<\/div>\r\n\t\t<\/div>\r\n\t<\/div>\r\n<\/div><\/div><\/div><\/div><\/div><\/section><\/p>","protected":false},"excerpt":{"rendered":"","protected":false},"author":1,"featured_media":1355,"parent":0,"menu_order":0,"comment_status":"closed","ping_status":"closed","template":"tpl-king_composer.php","meta":{"footnotes":""},"_links":{"self":[{"href":"https:\/\/gencyapimarket.com\/en\/wp-json\/wp\/v2\/pages\/486"}],"collection":[{"href":"https:\/\/gencyapimarket.com\/en\/wp-json\/wp\/v2\/pages"}],"about":[{"href":"https:\/\/gencyapimarket.com\/en\/wp-json\/wp\/v2\/types\/page"}],"author":[{"embeddable":true,"href":"https:\/\/gencyapimarket.com\/en\/wp-json\/wp\/v2\/users\/1"}],"replies":[{"embeddable":true,"href":"https:\/\/gencyapimarket.com\/en\/wp-json\/wp\/v2\/comments?post=486"}],"version-history":[{"count":10,"href":"https:\/\/gencyapimarket.com\/en\/wp-json\/wp\/v2\/pages\/486\/revisions"}],"predecessor-version":[{"id":1742,"href":"https:\/\/gencyapimarket.com\/en\/wp-json\/wp\/v2\/pages\/486\/revisions\/1742"}],"wp:featuredmedia":[{"embeddable":true,"href":"https:\/\/gencyapimarket.com\/en\/wp-json\/wp\/v2\/media\/1355"}],"wp:attachment":[{"href":"https:\/\/gencyapimarket.com\/en\/wp-json\/wp\/v2\/media?parent=486"}],"curies":[{"name":"wp","href":"https:\/\/api.w.org\/{rel}","templated":true}]}}