{"id":792,"date":"2019-09-07T10:43:48","date_gmt":"2019-09-07T07:43:48","guid":{"rendered":"https:\/\/gencyapimarket.com\/?page_id=792"},"modified":"2019-11-21T22:48:16","modified_gmt":"2019-11-21T19:48:16","slug":"hakkimizda","status":"publish","type":"page","link":"https:\/\/gencyapimarket.com\/en\/hakkimizda\/","title":{"rendered":"about us"},"content":{"rendered":"<p><section class=\"kc-elm kc-css-423348 kc_row\"><div class=\"kc-row-container  kc-container\"><div class=\"kc-wrap-columns\"><div class=\"kc-elm kc-css-943100 kc_col-sm-12 kc_column kc_col-sm-12\"><div class=\"kc-col-container\"><div class=\"two-column\">\r\n\t<div class=\"container\">\r\n\t\t<div class=\"row\">\r\n\t\t\t<div class=\"col-md-6 col-sm-12\">\r\n\t\t\t\t<figure class=\"img-box\">\r\n\t\t\t\t\t<img decoding=\"async\" src=\"https:\/\/gencyapimarket.com\/wp-content\/uploads\/2017\/01\/2-4.jpg\" alt=\"image\">\r\n\t\t\t\t\t<div class=\"overlay-box\">\r\n\t\t\t\t\t\t<div class=\"quote\"><span class=\"icon-right\"><\/span><\/div>\r\n\t\t\t\t\t\t<p>We must always behave and act in a way.<\/p>\r\n\t\t\t\t\t\t<div class=\"signature-image\"><img decoding=\"async\" src=\"https:\/\/gencyapimarket.com\/wp-content\/uploads\/2017\/01\/sign.png\" alt=\"image\"><\/div>\r\n\t                    <div class=\"about-owner\">\r\n\t                        <h4>View \u0130lkay&#39;s Full Profile<\/h4>\r\n\t                        <div class=\"company-title\">Chairman of the Board<\/div>\r\n\t                    <\/div>\r\n\t\t\t\t\t<\/div>\r\n\t\t\t\t<\/figure>\r\n\t\t\t<\/div>\r\n\t\t\t<div class=\"col-md-6 col-sm-12\">\r\n\t\t\t\t<div class=\"section-title\">\r\n\t\t\t\t\t<h2>View \u0130lkay&#39;s Full Profile From yesterday to today<\/h2>\r\n\t\t\t\t\t<span class=\"decor\"><\/span>\r\n\t\t\t\t<\/div>\r\n\t\t\t\t<div class=\"text\">\r\n\t\t\t\t\t<p>Our company was founded in 1959 in Famagusta by Mustafa Halil Gen\u00e7 as a small hardware store. The first import was carried out in 1960. With the death of Mustafa Halil Gen\u00e7, the founder of our company on 25 December 1963, in the inter-communal clashes in Cyprus, \u0130lkay Gen\u00e7, the only son of the family, provided the continuation of the company under the name of Gen\u00e7 \u0130lkay M. Gen\u00e7 Ticarethanesi ...<\/p><br>\r\n<p>On February 28, 1973. was founded. Our company, Turkey and the first commercial relations established and Turkish goods in Cyprus (EIS paint doors and window panes, Borusan goods, Izelta\u015f hand tools, from Bursa carpenter machines) is one of the few Turkish companies carrying out the Cyprus importing and selling. We have one building market in Famagusta, Nicosia and Kyrenia.<\/p><br>\r\n<p>Established on a total area of 15,000 square meters, also within the company; There are 30.000 kinds of products such as construction material, hardware, hand tools, paint, ceramics, bathroom and sanitary ware. In addition to the retail sale in the construction markets, our company has wholesale distribution services to the Turkish Republic of Northern Cyprus market.<\/p><br>\r\n<p>The number of imported countries exceeds 15 and the number of cooperated companies exceeds 150. In the last decade, our company has devoted great resources to building, technology and human resources investments. With these investments, it has strengthened its leading position in the market and is moving forward confidently.<\/p><br>\r\n\t\t\t\t<\/div>\r\n\t\t\t\t<div class=\"link_btn\"><a href=\"\" class=\"thm-btn thm-color thm-tran-bg\"><\/a><\/div><br>\r\n\t\t\t<\/div>\r\n\t\t<\/div>\r\n\t<\/div>\r\n<\/div>\r\n<\/div><\/div><\/div><\/div><\/section><section class=\"kc-elm kc-css-688317 kc_row\"><div class=\"kc-row-container\"><div class=\"kc-wrap-columns\"><div class=\"kc-elm kc-css-861808 kc_col-sm-12 kc_column kc_col-sm-12\"><div class=\"kc-col-container\"><!--Fact Counter-->\r\n<section class=\"fact-counter\" style=\"background-image:url(https:\/\/gencyapimarket.com\/wp-content\/uploads\/2017\/01\/fac.jpg);\">\r\n\t<div class=\"container\">\r\n    \t<div class=\"row clearfix\">\r\n        \t<div class=\"counter-outer clearfix\">\r\n            \r\n            \t                <!--Column-->\r\n                <article class=\"column counter-column col-md-3 col-sm-6 col-xs-12 wow fadeIn\" data-wow-duration=\"0ms\">\r\n                    \r\n                    <div class=\"count-outer\"><div class=\"icon\"><span class=\"et-tools-2\"><\/span><\/div><span class=\"count-text\" data-speed=\"3000\" data-stop=\"15000\">0<\/span><\/div>\r\n                    <h4 class=\"counter-title\">Indoor Area (m2)<\/h4>\r\n                <\/article>\r\n                                <!--Column-->\r\n                <article class=\"column counter-column col-md-3 col-sm-6 col-xs-12 wow fadeIn\" data-wow-duration=\"0ms\">\r\n                    \r\n                    <div class=\"count-outer\"><div class=\"icon\"><span class=\"et-tools-2\"><\/span><\/div><span class=\"count-text\" data-speed=\"3000\" data-stop=\"1500\">0<\/span><\/div>\r\n                    <h4 class=\"counter-title\">Product Type<\/h4>\r\n                <\/article>\r\n                                <!--Column-->\r\n                <article class=\"column counter-column col-md-3 col-sm-6 col-xs-12 wow fadeIn\" data-wow-duration=\"0ms\">\r\n                    \r\n                    <div class=\"count-outer\"><div class=\"icon\"><span class=\"fa-flag-checkered\"><\/span><\/div><span class=\"count-text\" data-speed=\"3000\" data-stop=\"15\">0<\/span><\/div>\r\n                    <h4 class=\"counter-title\">Imported Country<\/h4>\r\n                <\/article>\r\n                                <!--Column-->\r\n                <article class=\"column counter-column col-md-3 col-sm-6 col-xs-12 wow fadeIn\" data-wow-duration=\"0ms\">\r\n                    \r\n                    <div class=\"count-outer\"><div class=\"icon\"><span class=\"et-chat\"><\/span><\/div><span class=\"count-text\" data-speed=\"3000\" data-stop=\"100\">0<\/span><\/div>\r\n                    <h4 class=\"counter-title\">Collaborating Company<\/h4>\r\n                <\/article>\r\n                                \r\n            <\/div>\r\n        <\/div>\r\n    <\/div>\r\n<\/section>\r\n<div class=\"kc-elm kc-css-677471\" style=\"height: 55px; clear: both; width:100%;\"><\/div><\/div><\/div><\/div><\/div><\/section><section class=\"kc-elm kc-css-498157 kc_row\"><div class=\"kc-row-container  kc-container\"><div class=\"kc-wrap-columns\"><div class=\"kc-elm kc-css-137392 kc_col-sm-4 kc_column kc_col-sm-4\"><div class=\"kc-col-container\"><div class=\"kc-elm kc-css-229978 kc-feature-boxes kc-fb-layout-1\">\n\n\t<div class=\"content-icon\"><i class=\"fa-low-vision\"><\/i><\/div><div class=\"content-title\">Vision<\/div><div class=\"content-desc\">To become a company preferred by employees and customers with its strong brand and superior service quality.<\/div>\n<\/div>\n<\/div><\/div><div class=\"kc-elm kc-css-270217 kc_col-sm-4 kc_column kc_col-sm-4\"><div class=\"kc-col-container\"><div class=\"kc-elm kc-css-113929 kc-feature-boxes kc-fb-layout-1\">\n\n\t<div class=\"content-icon\"><i class=\"et-target\"><\/i><\/div><div class=\"content-title\">Mission<\/div><div class=\"content-desc\">We are \u0130lkay M. Gen\u00e7 Ltd. as; to provide solutions to our customers and meet their needs instantly, to be an example of honest and ethical trade, to offer better economic and social opportunities to our employees, we are also to contribute to the development of the country&#39;s economy.<\/div>\n<\/div>\n<\/div><\/div><div class=\"kc-elm kc-css-507921 kc_col-sm-4 kc_column kc_col-sm-4\"><div class=\"kc-col-container\"><div class=\"kc-elm kc-css-986976 kc-feature-boxes kc-fb-layout-1\">\n\n\t<div class=\"content-icon\"><i class=\"et-target\"><\/i><\/div><div class=\"content-title\">values<\/div><div class=\"content-desc\">Discipline - Teamwork - Respect - Our Staff - Transparent Information Sharing - Reliability - Integrity - Business Ethics - Achievement Perseverance - Technology Use<\/div>\n<\/div>\n<\/div><\/div><\/div><\/div><\/section><section class=\"kc-elm kc-css-353567 kc_row\"><div class=\"kc-row-container\"><div class=\"kc-wrap-columns\"><div class=\"kc-elm kc-css-489932 kc_col-sm-12 kc_column kc_col-sm-12\"><div class=\"kc-col-container\">   \r\n<\/div><\/div><\/div><\/div><\/section><section class=\"kc-elm kc-css-967767 kc_row\"><div class=\"kc-row-container  kc-container\"><div class=\"kc-wrap-columns\"><div class=\"kc-elm kc-css-644666 kc_col-sm-12 kc_column kc_col-sm-12\"><div class=\"kc-col-container\"><section class=\"four-column\">\r\n\t<div class=\"container text-center\">\r\n\t\t<div class=\"section-title text-center\">\r\n\t\t\t<h2>Working Process<\/h2>\r\n\t\t\t<span class=\"decor\"><\/span>\r\n\t\t<\/div>\r\n\t\t<div class=\"row\">\r\n\t\t\t\r\n\t\t\t\t\t\t<div class=\"col-md-3 col-sm-6 col-xs-12 text-center\">\r\n\t\t\t\t<div class=\"single-item\">\r\n\t\t\t\t\t<div class=\"inner-box\"><div class=\"icon\"><i class=\"rot sl-user\"><\/i><\/div><\/div>\r\n\t\t\t\t\t<h5>Meet Customers<\/h5>\r\n\t\t\t\t\t<p>Our designers will meet the customer and share about our ideas.<\/p>\r\n\t\t\t\t<\/div>\r\n\t\t\t<\/div>\r\n\t\t\t\t\t\t<div class=\"col-md-3 col-sm-6 col-xs-12 text-center\">\r\n\t\t\t\t<div class=\"single-item\">\r\n\t\t\t\t\t<div class=\"inner-box\"><div class=\"icon\"><i class=\"rot et-lightbulb\"><\/i><\/div><\/div>\r\n\t\t\t\t\t<h5>Discuss Concept<\/h5>\r\n\t\t\t\t\t<p>After customer meeting, our designer will give some idea to new design.<\/p>\r\n\t\t\t\t<\/div>\r\n\t\t\t<\/div>\r\n\t\t\t\t\t\t<div class=\"col-md-3 col-sm-6 col-xs-12 text-center\">\r\n\t\t\t\t<div class=\"single-item\">\r\n\t\t\t\t\t<div class=\"inner-box\"><div class=\"icon\"><i class=\"rot et-document\"><\/i><\/div><\/div>\r\n\t\t\t\t\t<h5>Confirm Agreement<\/h5>\r\n\t\t\t\t\t<p>With 100% customer satifsfaction our designer confirms the agreement.<\/p>\r\n\t\t\t\t<\/div>\r\n\t\t\t<\/div>\r\n\t\t\t\t\t\t<div class=\"col-md-3 col-sm-6 col-xs-12 text-center\">\r\n\t\t\t\t<div class=\"single-item\">\r\n\t\t\t\t\t<div class=\"inner-box\"><div class=\"icon\"><i class=\"rot et-tools\"><\/i><\/div><\/div>\r\n\t\t\t\t\t<h5>Design &amp; Install<\/h5>\r\n\t\t\t\t\t<p>After the confirmation our designing team will design &amp; Completed.<\/p>\r\n\t\t\t\t<\/div>\r\n\t\t\t<\/div>\r\n\t\t\t\r\n\t\t<\/div>\r\n\t<\/div>\r\n<\/section>\r\n<\/div><\/div><\/div><\/div><\/section><section class=\"kc-elm kc-css-2746 kc_row\"><div class=\"kc-row-container  kc-container\"><div class=\"kc-wrap-columns\"><div class=\"kc-elm kc-css-839722 kc_col-sm-12 kc_column kc_col-sm-12\"><div class=\"kc-col-container\"><section class=\"four-column\">\r\n\t<div class=\"container text-center\">\r\n\t\t<div class=\"section-title text-center\">\r\n\t\t\t<h2>Working Process<\/h2>\r\n\t\t\t<span class=\"decor\"><\/span>\r\n\t\t<\/div>\r\n\t\t<div class=\"row\">\r\n\t\t\t\r\n\t\t\t\t\t\t<div class=\"col-md-3 col-sm-6 col-xs-12 text-center\">\r\n\t\t\t\t<div class=\"single-item\">\r\n\t\t\t\t\t<div class=\"inner-box\"><div class=\"icon\"><i class=\"rot et-lightbulb\"><\/i><\/div><\/div>\r\n\t\t\t\t\t<h5>Discuss Concept<\/h5>\r\n\t\t\t\t\t<p>After customer meeting, our designer will give some idea to new design.<\/p>\r\n\t\t\t\t<\/div>\r\n\t\t\t<\/div>\r\n\t\t\t\t\t\t<div class=\"col-md-3 col-sm-6 col-xs-12 text-center\">\r\n\t\t\t\t<div class=\"single-item\">\r\n\t\t\t\t\t<div class=\"inner-box\"><div class=\"icon\"><i class=\"rot et-document\"><\/i><\/div><\/div>\r\n\t\t\t\t\t<h5>Confirm Agreement<\/h5>\r\n\t\t\t\t\t<p>With 100% customer satifsfaction our designer confirms the agreement.<\/p>\r\n\t\t\t\t<\/div>\r\n\t\t\t<\/div>\r\n\t\t\t\t\t\t<div class=\"col-md-3 col-sm-6 col-xs-12 text-center\">\r\n\t\t\t\t<div class=\"single-item\">\r\n\t\t\t\t\t<div class=\"inner-box\"><div class=\"icon\"><i class=\"rot et-tools\"><\/i><\/div><\/div>\r\n\t\t\t\t\t<h5>Design &amp; Install<\/h5>\r\n\t\t\t\t\t<p>After the confirmation our designing team will design &amp; Completed.<\/p>\r\n\t\t\t\t<\/div>\r\n\t\t\t<\/div>\r\n\t\t\t\r\n\t\t<\/div>\r\n\t<\/div>\r\n<\/section>\r\n<\/div><\/div><\/div><\/div><\/section><section class=\"kc-elm kc-css-676887 kc_row\"><div class=\"kc-row-container\"><div class=\"kc-wrap-columns\"><div class=\"kc-elm kc-css-889822 kc_col-sm-12 kc_column kc_col-sm-12\"><div class=\"kc-col-container\">   \r\n\r\n<section class=\"testimonial-style-one\" style=\"background-image:url(https:\/\/gencyapimarket.com\/wp-content\/uploads\/2017\/01\/testimonial.jpg);\">\r\n\t<div class=\"container\">\r\n    \t<div class=\"row\">\r\n        \t\r\n            <div class=\"carousel-outer\">\r\n                <div class=\"icon icon-left\"><\/div>\r\n                <div class=\"single-item-carousel testimonial-carousel\">\r\n\r\n                                        <!--Slide Item-->\r\n                    <div class=\"slide-item\">\r\n                    \t<div class=\"section-title text-center\">\r\n\t\t\t\t\t\t\t<h2>Customer Feedback<\/h2>\r\n\t\t\t\t\t\t\t<span class=\"decor\"><\/span>\r\n\t\t\t\t\t\t<\/div>\r\n                        <div class=\"inner-box\">\r\n                            <div class=\"slide-text\">Today we can tell you, thanks to your passion, hard work creativity, and expertise, you delivered us the most beautiful house ever! It&#39;s been a beautiful ride, there&#39;s up and down&#39;s, frustrations, delays at the same time ...<\/div>\r\n                            <!--auther-info-->\r\n                            <div class=\"auther-info\">\r\n                                <div class=\"auther-name\">- JOHN ZABRILLA Newyourk City<\/div>\r\n                                                            <\/div>\r\n                        <\/div>\r\n                    <\/div>\r\n\t\t\t\t\t                    <!--Slide Item-->\r\n                    <div class=\"slide-item\">\r\n                    \t<div class=\"section-title text-center\">\r\n\t\t\t\t\t\t\t<h2>Customer Feedback<\/h2>\r\n\t\t\t\t\t\t\t<span class=\"decor\"><\/span>\r\n\t\t\t\t\t\t<\/div>\r\n                        <div class=\"inner-box\">\r\n                            <div class=\"slide-text\">Gen\u00e7 Yap\u0131 Market is a place where I can find all kinds of construction materials at affordable prices. I&#39;ve been shopping for years, this structure gives confidence to the market. Being one of the well-established companies of Cyprus, product quality is above the standards and reasonable prices, Gen\u00e7 Yap\u0131 Marketi ...<\/div>\r\n                            <!--auther-info-->\r\n                            <div class=\"auther-info\">\r\n                                <div class=\"auther-name\">- Ahmet Arslan Famagusta<\/div>\r\n                                                                <ul class=\"rating\">\r\n                                \t<li><i class=\"fa fa-star\"><\/i><\/li><li><i class=\"fa fa-star\"><\/i><\/li><li><i class=\"fa fa-star\"><\/i><\/li><li><i class=\"fa fa-star\"><\/i><\/li><li><i class=\"fa fa-star\"><\/i><\/li>                                <\/ul>\r\n                                                            <\/div>\r\n                        <\/div>\r\n                    <\/div>\r\n\t\t\t\t\t                    <!--Slide Item-->\r\n                    <div class=\"slide-item\">\r\n                    \t<div class=\"section-title text-center\">\r\n\t\t\t\t\t\t\t<h2>Customer Feedback<\/h2>\r\n\t\t\t\t\t\t\t<span class=\"decor\"><\/span>\r\n\t\t\t\t\t\t<\/div>\r\n                        <div class=\"inner-box\">\r\n                            <div class=\"slide-text\">I am constantly shopping from Lefko\u015fa Gen\u00e7 Yap\u0131 Market. The staff&#39;s interest and attitude is just fine. Product diversity, more favorable prices and continuity from the market are the main reasons why I choose Gen\u00e7 Yap\u0131 Market.<\/div>\r\n                            <!--auther-info-->\r\n                            <div class=\"auther-info\">\r\n                                <div class=\"auther-name\">- Serkan Kahraman Nicosia<\/div>\r\n                                                                <ul class=\"rating\">\r\n                                \t<li><i class=\"fa fa-star\"><\/i><\/li><li><i class=\"fa fa-star\"><\/i><\/li><li><i class=\"fa fa-star\"><\/i><\/li><li><i class=\"fa fa-star\"><\/i><\/li><li><i class=\"fa fa-star\"><\/i><\/li>                                <\/ul>\r\n                                                            <\/div>\r\n                        <\/div>\r\n                    <\/div>\r\n\t\t\t\t\t                    \r\n                <\/div>\r\n            <\/div>\r\n            \r\n        <\/div>\r\n    <\/div>\r\n<\/section>\r\n\r\n<\/div><\/div><\/div><\/div><\/section><section class=\"kc-elm kc-css-329284 kc_row\"><div class=\"kc-row-container\"><div class=\"kc-wrap-columns\"><div class=\"kc-elm kc-css-44302 kc_col-sm-12 kc_column kc_col-sm-12\"><div class=\"kc-col-container\"><section class=\"clients-section\">\r\n\t<div class=\"container\">\r\n    \t    \t<div class=\"section-title\">\r\n\t\t\t<h2>Our Partners<\/h2>\r\n\t\t\t<span class=\"decor\"><\/span>\r\n\t\t<\/div>\r\n                \r\n\t\t<div class=\"client-carousel owl-carousel owl-theme\">\r\n\t\t\t\r\n            \t\t\t<div class=\"item\">\r\n\t\t\t\t<img decoding=\"async\" src=\"https:\/\/gencyapimarket.com\/wp-content\/uploads\/2019\/09\/bosch.png\" alt=\"image\"\/>\r\n\t\t\t\t<div class=\"overly\"><div class=\"content\"><h4><a href=\"https:\/\/www.bosch-professional.com\/tr\/tr\/\">BOSCH<\/a><\/h4><\/div><\/div>\r\n\t\t\t<\/div>\r\n\t\t\t\t\t\t<div class=\"item\">\r\n\t\t\t\t<img decoding=\"async\" src=\"https:\/\/gencyapimarket.com\/wp-content\/uploads\/2019\/09\/mw2.png\" alt=\"image\"\/>\r\n\t\t\t\t<div class=\"overly\"><div class=\"content\"><h4><a href=\"\">MAGMAWELD<\/a><\/h4><\/div><\/div>\r\n\t\t\t<\/div>\r\n\t\t\t\t\t\t<div class=\"item\">\r\n\t\t\t\t<img decoding=\"async\" src=\"https:\/\/gencyapimarket.com\/wp-content\/uploads\/2019\/09\/dufa-1.png\" alt=\"image\"\/>\r\n\t\t\t\t<div class=\"overly\"><div class=\"content\"><h4><a href=\"\">D\u00dcFTE to<\/a><\/h4><\/div><\/div>\r\n\t\t\t<\/div>\r\n\t\t\t\t\t\t<div class=\"item\">\r\n\t\t\t\t<img decoding=\"async\" src=\"https:\/\/gencyapimarket.com\/wp-content\/uploads\/2019\/09\/tvrpan.png\" alt=\"image\"\/>\r\n\t\t\t\t<div class=\"overly\"><div class=\"content\"><h4><a href=\"\">Teverpan<\/a><\/h4><\/div><\/div>\r\n\t\t\t<\/div>\r\n\t\t\t\t\t\t<div class=\"item\">\r\n\t\t\t\t<img decoding=\"async\" src=\"https:\/\/gencyapimarket.com\/wp-content\/uploads\/2019\/09\/stanley.png\" alt=\"image\"\/>\r\n\t\t\t\t<div class=\"overly\"><div class=\"content\"><h4><a href=\"#\">STANLEY<\/a><\/h4><\/div><\/div>\r\n\t\t\t<\/div>\r\n\t\t\t\t\t\t<div class=\"item\">\r\n\t\t\t\t<img decoding=\"async\" src=\"https:\/\/gencyapimarket.com\/wp-content\/uploads\/2019\/09\/YRTBAY.png\" alt=\"image\"\/>\r\n\t\t\t\t<div class=\"overly\"><div class=\"content\"><h4><a href=\"#\">YURTBAY CERAMIC<\/a><\/h4><\/div><\/div>\r\n\t\t\t<\/div>\r\n\t\t\t\t\t\t<div class=\"item\">\r\n\t\t\t\t<img decoding=\"async\" src=\"https:\/\/gencyapimarket.com\/wp-content\/uploads\/2019\/09\/idevit.png\" alt=\"image\"\/>\r\n\t\t\t\t<div class=\"overly\"><div class=\"content\"><h4><a href=\"#\">IDEVIT<\/a><\/h4><\/div><\/div>\r\n\t\t\t<\/div>\r\n\t\t\t\t\t\t<div class=\"item\">\r\n\t\t\t\t<img decoding=\"async\" src=\"https:\/\/gencyapimarket.com\/wp-content\/uploads\/2019\/09\/claber.png\" alt=\"image\"\/>\r\n\t\t\t\t<div class=\"overly\"><div class=\"content\"><h4><a href=\"#\">CLABER<\/a><\/h4><\/div><\/div>\r\n\t\t\t<\/div>\r\n\t\t\t\r\n\t\t<\/div>\r\n\t<\/div>\t\r\n<\/section>\r\n<\/div><\/div><\/div><\/div><\/section><section class=\"kc-elm kc-css-311244 kc_row\"><div class=\"kc-row-container  kc-container\"><div class=\"kc-wrap-columns\"><div class=\"kc-elm kc-css-286781 kc_col-sm-12 kc_column kc_col-sm-12\"><div class=\"kc-col-container\"><\/div><\/div><\/div><\/div><\/section><\/p>","protected":false},"excerpt":{"rendered":"","protected":false},"author":1,"featured_media":0,"parent":0,"menu_order":0,"comment_status":"closed","ping_status":"closed","template":"tpl-king_composer.php","meta":{"footnotes":""},"_links":{"self":[{"href":"https:\/\/gencyapimarket.com\/en\/wp-json\/wp\/v2\/pages\/792"}],"collection":[{"href":"https:\/\/gencyapimarket.com\/en\/wp-json\/wp\/v2\/pages"}],"about":[{"href":"https:\/\/gencyapimarket.com\/en\/wp-json\/wp\/v2\/types\/page"}],"author":[{"embeddable":true,"href":"https:\/\/gencyapimarket.com\/en\/wp-json\/wp\/v2\/users\/1"}],"replies":[{"embeddable":true,"href":"https:\/\/gencyapimarket.com\/en\/wp-json\/wp\/v2\/comments?post=792"}],"version-history":[{"count":116,"href":"https:\/\/gencyapimarket.com\/en\/wp-json\/wp\/v2\/pages\/792\/revisions"}],"predecessor-version":[{"id":8561,"href":"https:\/\/gencyapimarket.com\/en\/wp-json\/wp\/v2\/pages\/792\/revisions\/8561"}],"wp:attachment":[{"href":"https:\/\/gencyapimarket.com\/en\/wp-json\/wp\/v2\/media?parent=792"}],"curies":[{"name":"wp","href":"https:\/\/api.w.org\/{rel}","templated":true}]}}