{"id":8322,"date":"2023-10-11T16:31:52","date_gmt":"2023-10-11T13:31:52","guid":{"rendered":"https:\/\/gencyapimarket.com\/?page_id=8322"},"modified":"2023-10-11T16:31:52","modified_gmt":"2023-10-11T13:31:52","slug":"contact","status":"publish","type":"page","link":"https:\/\/gencyapimarket.com\/en\/contact\/","title":{"rendered":"\u0130leti\u015fimm"},"content":{"rendered":"<p><section class=\"kc-elm kc-css-114696 kc_row\"><div class=\"kc-row-container  kc-container\"><div class=\"kc-wrap-columns\"><div class=\"kc-elm kc-css-321933 kc_col-sm-12 kc_column kc_col-sm-12\"><div class=\"kc-col-container\"><div class=\"kc-elm kc-css-280279 kc_row kc_row_inner\"><div class=\"kc-elm kc-css-604141 kc_col-sm-12 kc_column_inner kc_col-sm-12\"><div class=\"kc_wrapper kc-col-inner-container\"><div class=\"kc-contact-form7 kc-elm kc-css-936716\"><h2>Contact Form<\/h2><div role=\"form\" class=\"wpcf7\" id=\"wpcf7-f8-o1\" lang=\"tr-TR\" dir=\"ltr\">\n<div class=\"screen-reader-response\" role=\"alert\" aria-live=\"polite\"><\/div>\n<form action=\"\/en\/wp-json\/wp\/v2\/pages\/8322#wpcf7-f8-o1\" method=\"post\" class=\"wpcf7-form init\" novalidate=\"novalidate\" data-trp-original-action=\"\/en\/wp-json\/wp\/v2\/pages\/8322#wpcf7-f8-o1\">\n<div style=\"display: none;\">\n<input type=\"hidden\" name=\"_wpcf7\" value=\"8\" \/>\n<input type=\"hidden\" name=\"_wpcf7_version\" value=\"5.2.2\" \/>\n<input type=\"hidden\" name=\"_wpcf7_locale\" value=\"tr_TR\" \/>\n<input type=\"hidden\" name=\"_wpcf7_unit_tag\" value=\"wpcf7-f8-o1\" \/>\n<input type=\"hidden\" name=\"_wpcf7_container_post\" value=\"0\" \/>\n<input type=\"hidden\" name=\"_wpcf7_posted_data_hash\" value=\"\" \/>\n<\/div>\n<p><label> Ad\u0131n\u0131z (gerekli)<br \/>\n    <span class=\"wpcf7-form-control-wrap your-name\"><input type=\"text\" name=\"your-name\" value=\"\" size=\"40\" class=\"wpcf7-form-control wpcf7-text wpcf7-validates-as-required\" aria-required=\"true\" aria-invalid=\"false\" \/><\/span> <\/label><\/p>\n<p><label> E-posta adresiniz (gerekli)<br \/>\n    <span class=\"wpcf7-form-control-wrap your-email\"><input type=\"email\" name=\"your-email\" value=\"\" size=\"40\" class=\"wpcf7-form-control wpcf7-text wpcf7-email wpcf7-validates-as-required wpcf7-validates-as-email\" aria-required=\"true\" aria-invalid=\"false\" \/><\/span> <\/label><\/p>\n<p><label> topic<br \/>\n    <span class=\"wpcf7-form-control-wrap your-subject\"><input type=\"text\" name=\"your-subject\" value=\"\" size=\"40\" class=\"wpcf7-form-control wpcf7-text\" aria-invalid=\"false\" \/><\/span> <\/label><\/p>\n<p><label> \u0130letiniz<br \/>\n    <span class=\"wpcf7-form-control-wrap your-message\"><textarea name=\"your-message\" cols=\"40\" rows=\"10\" class=\"wpcf7-form-control wpcf7-textarea\" aria-invalid=\"false\"><\/textarea><\/span> <\/label><\/p>\n<p><input type=\"submit\" value=\"Submit\" class=\"wpcf7-form-control wpcf7-submit\" \/><\/p>\n<input type='hidden' class='wpcf7-pum' value='{\"closepopup\":false,\"closedelay\":0,\"openpopup\":false,\"openpopup_id\":0}' \/><div class=\"wpcf7-response-output\" role=\"alert\" aria-hidden=\"true\"><\/div><input type=\"hidden\" name=\"trp-form-language\" value=\"en\"\/><\/form><\/div><\/div><\/div><\/div><\/div><\/div><\/div><\/div><\/div><\/section><section class=\"kc-elm kc-css-481802 kc_row\"><div class=\"kc-row-container  kc-container\"><div class=\"kc-wrap-columns\"><div class=\"kc-elm kc-css-244900 kc_col-sm-12 kc_column kc_col-sm-12\"><div class=\"kc-col-container\"><div class=\"kc-elm kc-css-331941 kc_text_block\"><\/p>\n<p>In our stores that offer a comfortable shopping environment with modern design, 20.000 products that you can supply all the needs of your workplace and home at an affordable price are offered to our customers. With our technical service department, we provide after-sale service of the machines sold.<\/p>\n<p>Profesyonel ve g\u00fcler y\u00fczl\u00fc personeli ile g\u00fcvenilirlik, d\u00fcr\u00fcstl\u00fck, samimiyet de\u011ferlerinde s\u00fcrekli yenilik ve geli\u015fim temel ilkelerimizdir.<br \/>\nKuzey K\u0131br\u0131s\u2019\u0131n en k\u00f6kl\u00fc yap\u0131 market zincirinde eviniz, bah\u00e7eniz, at\u00f6lyeniz i\u00e7in arad\u0131\u011f\u0131n\u0131z HER\u015eEY Gen\u00e7 Yap\u0131 Marketlerinde.<\/p>\n<p>\n<\/div><\/div><\/div><\/div><\/div><\/section><section class=\"kc-elm kc-css-582189 kc_row\"><div class=\"kc-row-container  kc-container\"><div class=\"kc-wrap-columns\"><div class=\"kc-elm kc-css-106638 kc_col-sm-12 kc_column kc_col-sm-12\"><div class=\"kc-col-container\">\n<div class=\"kc-elm kc-css-937709 divider_line\">\n\t<div class=\"divider_inner divider_line3\">\n\t\t<span class=\"line_text\">Famagusta DIY Store<\/span>\t<\/div>\n<\/div>\n<\/div><\/div><\/div><\/div><\/section><section class=\"kc-elm kc-css-74806 kc_row\"><div class=\"kc-row-container  kc-container\"><div class=\"kc-wrap-columns\"><div class=\"kc-elm kc-css-675821 kc_col-sm-6 kc_column kc_col-sm-6\"><div class=\"kc-col-container\"><div class=\"kc-elm kc-css-589911 kc_row kc_row_inner\"><div class=\"kc-elm kc-css-227297 kc_col-sm-12 kc_column_inner kc_col-sm-12\"><div class=\"kc_wrapper kc-col-inner-container\"><div class=\"kc-elm kc-css-174271 kc_text_block\"><\/p>\n<p><b style=\"color: #45484a; font-family: 'Open Sans', sans-serif; font-size: 13px;\">Address<\/b><span style=\"color: #45484a; font-family: 'Open Sans', sans-serif; font-size: 13px;\">: Aykut Yusufo\u011fullar\u0131 Street Small Industrial Zone, Famagusta<\/span><br style=\"color: #45484a; font-family: 'Open Sans', sans-serif; font-size: 13px;\" \/><strong style=\"color: #45484a; font-family: 'Open Sans', sans-serif; font-size: 13px;\">Phone<\/strong><span style=\"color: #45484a; font-family: 'Open Sans', sans-serif; font-size: 13px;\">:\u00a0+90(392) 3665567<\/span><br style=\"color: #45484a; font-family: 'Open Sans', sans-serif; font-size: 13px;\" \/><b style=\"color: #45484a; font-family: 'Open Sans', sans-serif; font-size: 13px;\">Fax<\/b><span style=\"color: #45484a; font-family: 'Open Sans', sans-serif; font-size: 13px;\">:\u00a0+90 (392) 3667796<\/span><br style=\"color: #45484a; font-family: 'Open Sans', sans-serif; font-size: 13px;\" \/><b style=\"color: #45484a; font-family: 'Open Sans', sans-serif; font-size: 13px;\">Working hours<\/b><span style=\"color: #45484a; font-family: 'Open Sans', sans-serif; font-size: 13px;\">:<\/span><br style=\"color: #45484a; font-family: 'Open Sans', sans-serif; font-size: 13px;\" \/><span style=\"color: #45484a; font-family: 'Open Sans', sans-serif; font-size: 13px;\">Monday - Saturday opening hours: 08:00 - 18:00<\/span><\/p>\n<p>\n<\/div><\/div><\/div><\/div><\/div><\/div><div class=\"kc-elm kc-css-996342 kc_col-sm-6 kc_column kc_col-sm-6\"><div class=\"kc-col-container\"><div class=\"kc-elm kc-css-818741 kc_row kc_row_inner\"><div class=\"kc-elm kc-css-378455 kc_col-sm-12 kc_column_inner kc_col-sm-12\"><div class=\"kc_wrapper kc-col-inner-container\"><div class=\"kc-elm kc-css-237737 kc_google_maps kc_shortcode\" data-wheel=\"disable\"><div style=\"height: 350px\" class=\"kc-google-maps\"><iframe loading=\"lazy\" src=\"https:\/\/www.google.com\/maps\/embed?pb=!1m18!1m12!1m3!1d3263.3664381270746!2d33.93363471560161!3d35.12252806801596!2m3!1f0!2f0!3f0!3m2!1i1024!2i768!4f13.1!3m3!1m2!1s0x14dfc83427c989f3%3A0xfa33f3d43c96e0d2!2sIlkay%20M.Gen%C3%A7%20Ltd.!5e0!3m2!1str!2s!4v1568277944849!5m2!1str!2s\" width=\"100%\" height=\"350\" frameborder=\"0\" style=\"border:0;\" allowfullscreen=\"\"><\/iframe><\/div><\/div><\/div><\/div><\/div><\/div><\/div><\/div><\/div><\/section><section class=\"kc-elm kc-css-418987 kc_row\"><div class=\"kc-row-container  kc-container\"><div class=\"kc-wrap-columns\"><div class=\"kc-elm kc-css-171242 kc_col-sm-12 kc_column kc_col-sm-12\"><div class=\"kc-col-container\">\n<div class=\"kc-elm kc-css-937287 divider_line\">\n\t<div class=\"divider_inner divider_line3\">\n\t\t<span class=\"line_text\">Famagusta DIY Store<\/span>\t<\/div>\n<\/div>\n<\/div><\/div><\/div><\/div><\/section><section class=\"kc-elm kc-css-643347 kc_row\"><div class=\"kc-row-container  kc-container\"><div class=\"kc-wrap-columns\"><div class=\"kc-elm kc-css-469219 kc_col-sm-6 kc_column kc_col-sm-6\"><div class=\"kc-col-container\"><div class=\"kc-elm kc-css-688338 kc_row kc_row_inner\"><div class=\"kc-elm kc-css-13900 kc_col-sm-12 kc_column_inner kc_col-sm-12\"><div class=\"kc_wrapper kc-col-inner-container\"><div class=\"kc-elm kc-css-837605 kc_text_block\"><\/p>\n<h2>Famagusta DIY Store<\/h2>\n<p>\n<\/div><\/div><\/div><\/div><div class=\"kc-elm kc-css-886723\">\n\t<div class=\"kc-carousel_images kc-elm kc-css-886723\">\n\t\n\t\t<div class=\"kc-carousel-images owl-carousel-images kc-sync1\" data-owl-i-options='{\"items\":\"3\",\"tablet\":\"2\",\"mobile\":\"1\",\"speed\":\"500\",\"navigation\":\"\",\"pagination\":\"yes\",\"autoheight\":\"\",\"progressbar\":\"\",\"delay\":\"8\",\"autoplay\":\"yes\",\"showthumb\":\"\",\"num_thumb\":\"5\"}'>\n\t\n\t\t\t\t\t<div class=\"item\">\n\t\n\t\t\t<a class=\"kc-image-link kc-pretty-photo\" data-lightbox=\"kc-lightbox\" rel=\"prettyPhoto[886723]\" href=\"https:\/\/gencyapimarket.com\/wp-content\/uploads\/2017\/01\/lef.jpg\"><img decoding=\"async\" src=\"https:\/\/gencyapimarket.com\/wp-content\/uploads\/2017\/01\/lef.jpg\" alt=\"\" \/><\/a>\t\n\t\t\t<\/div>\n\t\n\t\t\t\t\t<div class=\"item\">\n\t\n\t\t\t<a class=\"kc-image-link kc-pretty-photo\" data-lightbox=\"kc-lightbox\" rel=\"prettyPhoto[886723]\" href=\"https:\/\/gencyapimarket.com\/wp-content\/uploads\/2017\/01\/magusa.jpg\"><img decoding=\"async\" src=\"https:\/\/gencyapimarket.com\/wp-content\/uploads\/2017\/01\/magusa.jpg\" alt=\"\" \/><\/a>\t\n\t\t\t<\/div>\n\t\n\t\t\t\t\t<div class=\"item\">\n\t\n\t\t\t<a class=\"kc-image-link kc-pretty-photo\" data-lightbox=\"kc-lightbox\" rel=\"prettyPhoto[886723]\" href=\"https:\/\/gencyapimarket.com\/wp-content\/uploads\/2019\/09\/girne.jpg\"><img decoding=\"async\" src=\"https:\/\/gencyapimarket.com\/wp-content\/uploads\/2019\/09\/girne.jpg\" alt=\"\" \/><\/a>\t\n\t\t\t<\/div>\n\t\n\t\t\t\n\t\t<\/div>\n\t\n\t\t\t<\/div>\n<\/div>\n<\/div><\/div><div class=\"kc-elm kc-css-546417 kc_col-sm-6 kc_column kc_col-sm-6\"><div class=\"kc-col-container\"><div class=\"kc-elm kc-css-117287 kc_row kc_row_inner\"><div class=\"kc-elm kc-css-634779 kc_col-sm-12 kc_column_inner kc_col-sm-12\"><div class=\"kc_wrapper kc-col-inner-container\"><div class=\"kc-elm kc-css-34495 kc_google_maps kc_shortcode\" data-wheel=\"disable\"><div style=\"height: 350px\" class=\"kc-google-maps\"><iframe loading=\"lazy\" src=\"https:\/\/www.google.com\/maps\/embed?pb=!1m18!1m12!1m3!1d3263.3664381270746!2d33.93363471560161!3d35.12252806801596!2m3!1f0!2f0!3f0!3m2!1i1024!2i768!4f13.1!3m3!1m2!1s0x14dfc83427c989f3%3A0xfa33f3d43c96e0d2!2sIlkay%20M.Gen%C3%A7%20Ltd.!5e0!3m2!1str!2s!4v1568277944849!5m2!1str!2s\" width=\"100%\" height=\"350\" frameborder=\"0\" style=\"border:0;\" allowfullscreen=\"\"><\/iframe><\/div><\/div><\/div><\/div><\/div><\/div><\/div><\/div><\/div><\/section><section class=\"kc-elm kc-css-81875 kc_row\"><div class=\"kc-row-container  kc-container\"><div class=\"kc-wrap-columns\"><div class=\"kc-elm kc-css-25419 kc_col-sm-12 kc_column kc_col-sm-12\"><div class=\"kc-col-container\">\n<div class=\"kc-elm kc-css-278719 divider_line\">\n\t<div class=\"divider_inner divider_line3\">\n\t\t<span class=\"line_text\">Girne DIY Store<\/span>\t<\/div>\n<\/div>\n<\/div><\/div><\/div><\/div><\/section><section class=\"kc-elm kc-css-140997 kc_row\"><div class=\"kc-row-container  kc-container\"><div class=\"kc-wrap-columns\"><div class=\"kc-elm kc-css-164646 kc_col-sm-6 kc_column kc_col-sm-6\"><div class=\"kc-col-container\"><div class=\"kc-elm kc-css-568969 kc_row kc_row_inner\"><div class=\"kc-elm kc-css-251456 kc_col-sm-12 kc_column_inner kc_col-sm-12\"><div class=\"kc_wrapper kc-col-inner-container\"><div class=\"kc-elm kc-css-241597 kc_text_block\"><\/p>\n<h2>Girne DIY Store<\/h2>\n<p><b>Address<\/b>: Karao\u011flano\u011flu Cad. No: 66, Kyrenia<br \/>\n<b>Phone<\/b>: +90 (392) 8223973<br \/>\n<b>Fax<\/b>: +90 (392) 8224003<br \/>\n<b>Working hours<\/b>:<br \/>\nMonday - Saturday opening hours: 08:00 - 18:00<\/p>\n<p>\n<\/div><\/div><\/div><\/div><\/div><\/div><div class=\"kc-elm kc-css-332963 kc_col-sm-6 kc_column kc_col-sm-6\"><div class=\"kc-col-container\"><div class=\"kc-elm kc-css-427183 kc_row kc_row_inner\"><div class=\"kc-elm kc-css-511840 kc_col-sm-12 kc_column_inner kc_col-sm-12\"><div class=\"kc_wrapper kc-col-inner-container\"><div class=\"kc-elm kc-css-335344 kc_google_maps kc_shortcode\" data-wheel=\"disable\"><div style=\"height: 350px\" class=\"kc-google-maps\"><iframe loading=\"lazy\" src=\"https:\/\/www.google.com\/maps\/embed?pb=!1m18!1m12!1m3!1d3254.5940781568906!2d33.28512121560581!3d35.34090025616792!2m3!1f0!2f0!3f0!3m2!1i1024!2i768!4f13.1!3m3!1m2!1s0x14de12cca3b6e381%3A0xc8377005132e46aa!2zR2Vuw6cgWWFwxLEgTWFya2V0!5e0!3m2!1str!2s!4v1568298223156!5m2!1str!2s\" width=\"100%\" height=\"350\" frameborder=\"0\" style=\"border:0;\" allowfullscreen=\"\"><\/iframe><\/div><\/div><\/div><\/div><\/div><\/div><\/div><\/div><\/div><\/section><section class=\"kc-elm kc-css-923606 kc_row\"><div class=\"kc-row-container  kc-container\"><div class=\"kc-wrap-columns\"><div class=\"kc-elm kc-css-88995 kc_col-sm-12 kc_column kc_col-sm-12\"><div class=\"kc-col-container\">\n<div class=\"kc-elm kc-css-381831 divider_line\">\n\t<div class=\"divider_inner divider_line3\">\n\t\t<span class=\"line_text\">Girne DIY Store<\/span>\t<\/div>\n<\/div>\n<\/div><\/div><\/div><\/div><\/section><section class=\"kc-elm kc-css-544731 kc_row\"><div class=\"kc-row-container  kc-container\"><div class=\"kc-wrap-columns\"><div class=\"kc-elm kc-css-210714 kc_col-sm-6 kc_column kc_col-sm-6\"><div class=\"kc-col-container\"><div class=\"kc-elm kc-css-684283 kc_row kc_row_inner\"><div class=\"kc-elm kc-css-783078 kc_col-sm-12 kc_column_inner kc_col-sm-12\"><div class=\"kc_wrapper kc-col-inner-container\"><div class=\"kc-elm kc-css-355417 kc_text_block\"><\/p>\n<h2>Nicosia DIY Store<\/h2>\n<p><b>Address<\/b>: 7. Sokak No: 6 Industrial Area, Nicosia<br \/>\n<b>Phone<\/b>: +90 (392) 2256321<br \/>\n<b>Fax<\/b>: +90 (392) 2253145<br \/>\n<b>Working hours<\/b>:<br \/>\nMonday - Friday opening hours: 08:00 - 18:00<br \/>\nSaturday opening hours: 08:00 - 13:00<\/p>\n<p>\n<\/div><\/div><\/div><\/div><\/div><\/div><div class=\"kc-elm kc-css-284860 kc_col-sm-6 kc_column kc_col-sm-6\"><div class=\"kc-col-container\"><div class=\"kc-elm kc-css-562362 kc_row kc_row_inner\"><div class=\"kc-elm kc-css-527972 kc_col-sm-12 kc_column_inner kc_col-sm-12\"><div class=\"kc_wrapper kc-col-inner-container\"><div class=\"kc-elm kc-css-600038 kc_google_maps kc_shortcode\" data-wheel=\"disable\"><div style=\"height: 350px\" class=\"kc-google-maps\"><iframe loading=\"lazy\" src=\"https:\/\/www.google.com\/maps\/embed?pb=!1m18!1m12!1m3!1d3259.5766555037308!2d33.34108971560339!3d35.217012562897295!2m3!1f0!2f0!3f0!3m2!1i1024!2i768!4f13.1!3m3!1m2!1s0x14de113200a35ae1%3A0xfd2a9f29102194f6!2zR2Vuw6cgWWFwxLEgTWFya2V0!5e0!3m2!1str!2s!4v1568298426660!5m2!1str!2s\" width=\"100%\" height=\"350\" frameborder=\"0\" style=\"border:0;\" allowfullscreen=\"\"><\/iframe><\/div><\/div><\/div><\/div><\/div><\/div><\/div><\/div><\/div><\/section><\/p>","protected":false},"excerpt":{"rendered":"","protected":false},"author":1,"featured_media":0,"parent":0,"menu_order":0,"comment_status":"closed","ping_status":"closed","template":"tpl-king_composer.php","meta":{"footnotes":""},"_links":{"self":[{"href":"https:\/\/gencyapimarket.com\/en\/wp-json\/wp\/v2\/pages\/8322"}],"collection":[{"href":"https:\/\/gencyapimarket.com\/en\/wp-json\/wp\/v2\/pages"}],"about":[{"href":"https:\/\/gencyapimarket.com\/en\/wp-json\/wp\/v2\/types\/page"}],"author":[{"embeddable":true,"href":"https:\/\/gencyapimarket.com\/en\/wp-json\/wp\/v2\/users\/1"}],"replies":[{"embeddable":true,"href":"https:\/\/gencyapimarket.com\/en\/wp-json\/wp\/v2\/comments?post=8322"}],"version-history":[{"count":1,"href":"https:\/\/gencyapimarket.com\/en\/wp-json\/wp\/v2\/pages\/8322\/revisions"}],"predecessor-version":[{"id":8323,"href":"https:\/\/gencyapimarket.com\/en\/wp-json\/wp\/v2\/pages\/8322\/revisions\/8323"}],"wp:attachment":[{"href":"https:\/\/gencyapimarket.com\/en\/wp-json\/wp\/v2\/media?parent=8322"}],"curies":[{"name":"wp","href":"https:\/\/api.w.org\/{rel}","templated":true}]}}